{"id":657,"date":"2017-11-29T14:41:57","date_gmt":"2017-11-29T13:41:57","guid":{"rendered":"https:\/\/didapro.org\/9abc\/?page_id=657"},"modified":"2022-03-08T17:06:16","modified_gmt":"2022-03-08T16:06:16","slug":"inscription","status":"publish","type":"page","link":"https:\/\/www.didapro.org\/9\/inscription\/","title":{"rendered":"Inscription"},"content":{"rendered":"<h4>Inscriptions du 1er mars 2022 au 13 mai 2022<\/h4>\n<h4>Inscriptions \u00e0 la journ\u00e9e d\u2019ouverture et au colloque scientifique<\/h4>\n<table>\n<tbody>\n<tr>\n<td>&nbsp;<\/td>\n<td style=\"text-align: center\"><strong><span style=\"color: #000000\">Journ\u00e9e des enseignant\u00b7e\u00b7s<sup>*<\/sup> uniquement<\/span><\/strong><\/td>\n<td style=\"text-align: center\">&nbsp;<\/td>\n<td style=\"text-align: center\"><strong><span style=\"color: #000000\">Journ\u00e9e + Colloque <em>avec<\/em> repas de gala<\/span><\/strong><\/td>\n<\/tr>\n<tr>\n<td><span style=\"color: #000000\">Enseignants-Chercheurs et Enseignantes-Chercheuses, Chercheur\u00b7e\u00b7s<\/span><\/td>\n<td style=\"text-align: center\">Inclus dans l\u2019inscription DidaPro9<\/td>\n<td style=\"text-align: center\">&nbsp;<\/td>\n<td style=\"text-align: center\">180 \u20ac<\/td>\n<\/tr>\n<tr>\n<td><span style=\"color: #000000\">Doctorant\u00b7e\u00b7s<\/span><\/td>\n<td style=\"text-align: center\">Inclus dans l\u2019inscription DidaPro9<\/td>\n<td style=\"text-align: center\">&nbsp;<\/td>\n<td style=\"text-align: center\">80 \u20ac<\/td>\n<\/tr>\n<tr>\n<td><span style=\"color: #000000\">Enseignant\u00b7e\u00b7s du primaire et secondaire<\/span><\/td>\n<td style=\"text-align: center\">GRATUIT<\/td>\n<td style=\"text-align: center\">&nbsp;<\/td>\n<td style=\"text-align: center\">\u2013<\/td>\n<\/tr>\n<tr>\n<td><span style=\"color: #000000\">Personnels et \u00e9tudiants de l&rsquo;universit\u00e9 du Mans et de l&rsquo;INSPE Le Mans\/Nantes<\/span><\/td>\n<td style=\"text-align: center\">GRATUIT<\/td>\n<td style=\"text-align: center\">&nbsp;<\/td>\n<td style=\"text-align: center\">\u2013<\/td>\n<\/tr>\n<tr>\n<td><span style=\"color: #000000\">Autres participant\u00b7e\u00b7s<\/span><\/td>\n<td style=\"text-align: center\">GRATUIT<\/td>\n<td style=\"text-align: center\">&nbsp;<\/td>\n<td style=\"text-align: center\">180 \u20ac<\/td>\n<\/tr>\n<\/tbody>\n<\/table>\n<p><sup>*<\/sup> <em>La journ\u00e9e des enseignant\u00b7e\u00b7s est le premier jour du colloque, le mercredi 18 mai 2022.<\/em><\/p>\n<p>Les coll\u00e8gues du secondaire et primaire qui souhaitent assister \u00e0 d\u2019autres journ\u00e9es que le mercredi <strong>n\u2019ont pas \u00e0 r\u00e9gler de frais d\u2019inscription<\/strong>&nbsp;(mais auront \u00e0 prendre en charge personnellement le repas de gala si ils souhaitent y assister). Cependant, merci de vous inscrire sur le formulaire ci-dessus en choisissant l\u2019une des deux options (180\u20ac ou 80\u20ac) sachant que vous serez de fait exon\u00e9r\u00e9 (<strong>ne pas payer en CB !<\/strong>).&nbsp;<\/p>\n<p><\/p>\n<p><!-- .entry-content --><\/p>\n\n\n<p><strong>Pour s\u2019inscrire \u00e0 la journ\u00e9e du mercredi et au colloque scientifique<\/strong> <a href=\"https:\/\/didapro22.sciencesconf.org\/\" target=\"_blank\" rel=\"noreferrer noopener\">Inscription en ligne  https:\/\/didapro22.sciencesconf.org\/<\/a><\/p>\n","protected":false},"excerpt":{"rendered":"<p>Inscriptions du 1er mars 2022 au 13 mai 2022 Inscriptions \u00e0 la journ\u00e9e d\u2019ouverture et au colloque scientifique &nbsp; Journ\u00e9e des enseignant\u00b7e\u00b7s* uniquement &nbsp; Journ\u00e9e + Colloque avec repas de gala Enseignants-Chercheurs et Enseignantes-Chercheuses, Chercheur\u00b7e\u00b7s Inclus dans l\u2019inscription DidaPro9 &nbsp; 180 \u20ac Doctorant\u00b7e\u00b7s Inclus dans l\u2019inscription DidaPro9 &nbsp; 80 \u20ac Enseignant\u00b7e\u00b7s du primaire et secondaire &hellip; <\/p>\n<p class=\"link-more\"><a href=\"https:\/\/www.didapro.org\/9\/inscription\/\" class=\"more-link\">Continuer la lecture<span class=\"screen-reader-text\"> de &laquo;&nbsp;Inscription&nbsp;&raquo;<\/span><\/a><\/p>\n","protected":false},"author":3,"featured_media":0,"parent":0,"menu_order":0,"comment_status":"closed","ping_status":"closed","template":"","meta":{"jetpack_post_was_ever_published":false,"footnotes":""},"class_list":["post-657","page","type-page","status-publish","hentry"],"jetpack_sharing_enabled":true,"jetpack_shortlink":"https:\/\/wp.me\/PcTN9V-aB","jetpack-related-posts":[{"id":353,"url":"https:\/\/www.didapro.org\/9\/","url_meta":{"origin":657,"position":0},"title":"Accueil","author":"admin","date":"7 ao\u00fbt 2016","format":false,"excerpt":"Didapro 9 \u2013 DidaSTIC 9\u00e8me colloque francophone de didactique de l'informatique 18-20 mai 2022 Le Mans Co-organis\u00e9 par le CREN port\u00e9 par les universit\u00e9s de Nantes et Le Mans, et l'INSPE de l'acad\u00e9mie de Nantes \u00a0 Depuis 1988, les colloques de didactique de l\u2019informatique, puis le colloque Didapro \u2013 DidaSTIC\u2026","rel":"","context":"Article similaire","block_context":{"text":"Article similaire","link":""},"img":{"alt_text":"","src":"","width":0,"height":0},"classes":[]},{"id":489,"url":"https:\/\/www.didapro.org\/9\/objectifs-et-themes\/","url_meta":{"origin":657,"position":1},"title":"Objectifs et th\u00e8mes","author":"7","date":"18 avril 2017","format":false,"excerpt":"Depuis 1988, les colloques de didactique de l\u2019informatique, puis le colloque Didapro \u2013 DidaSTIC explorent des th\u00e8mes autour de l\u2019enseignement et l\u2019apprentissage de l\u2019informatique. La 9e \u00e9dition (Didapro 9), co-organis\u00e9e par le CREN (Centre de Recherche en Education de Nantes) et l\u2019INSPE de l\u2019Acad\u00e9mie de Nantes se d\u00e9roulera sur trois\u2026","rel":"","context":"Article similaire","block_context":{"text":"Article similaire","link":""},"img":{"alt_text":"","src":"","width":0,"height":0},"classes":[]},{"id":507,"url":"https:\/\/www.didapro.org\/9\/contributions-dates\/","url_meta":{"origin":657,"position":2},"title":"Contributions et dates","author":"jppellet","date":"5 mai 2017","format":false,"excerpt":"Contributions Quatre types de contributions peuvent \u00eatre propos\u00e9es : article long (8-12 pages)article court (4-6 pages)proposition de poster (2-4 pages)proposition d'atelier (de une \u00e0 au maximum 4 pages) Les contributions sont soumises via la plateforme EasyChair avant les dates sp\u00e9cifi\u00e9es\u00a0ci-dessous. Les contributions sont \u00e0 r\u00e9diger en fran\u00e7ais. Dates importantes D\u00e9p\u00f4t\u00a0des\u00a0articles\u2026","rel":"","context":"Article similaire","block_context":{"text":"Article similaire","link":""},"img":{"alt_text":"","src":"https:\/\/i0.wp.com\/www.didapro.org\/9\/wp-content\/uploads\/sites\/6\/2017\/04\/header-didapro-1.jpg?fit=1200%2C720&ssl=1&resize=350%2C200","width":350,"height":200,"srcset":"https:\/\/i0.wp.com\/www.didapro.org\/9\/wp-content\/uploads\/sites\/6\/2017\/04\/header-didapro-1.jpg?fit=1200%2C720&ssl=1&resize=350%2C200 1x, https:\/\/i0.wp.com\/www.didapro.org\/9\/wp-content\/uploads\/sites\/6\/2017\/04\/header-didapro-1.jpg?fit=1200%2C720&ssl=1&resize=525%2C300 1.5x, https:\/\/i0.wp.com\/www.didapro.org\/9\/wp-content\/uploads\/sites\/6\/2017\/04\/header-didapro-1.jpg?fit=1200%2C720&ssl=1&resize=700%2C400 2x, https:\/\/i0.wp.com\/www.didapro.org\/9\/wp-content\/uploads\/sites\/6\/2017\/04\/header-didapro-1.jpg?fit=1200%2C720&ssl=1&resize=1050%2C600 3x"},"classes":[]},{"id":604,"url":"https:\/\/www.didapro.org\/9\/programme\/","url_meta":{"origin":657,"position":3},"title":"Programme","author":"jppellet","date":"27 octobre 2017","format":false,"excerpt":"Mercredi 18 mai 8h30 - 9hAccueil9h - 9h20Ouverture du colloque9h20 - 10h30Conf\u00e9rence invit\u00e9e : Pierre Eric Mounier-Kuhn10h30 - 11hPause11h - 12h30Table-ronde : Les enseignants.e.s d'informatique au lyc\u00e9e 12h30 - 14hD\u00e9jeuner14h - 14h45Ateliers 114h45 - 15hPause15h - 15h45Ateliers 215h45 - 16hPause16h - 16h45Ateliers 3 Jeudi 19 mai 8h30 - 9hAccueil9h -\u2026","rel":"","context":"Article similaire","block_context":{"text":"Article similaire","link":""},"img":{"alt_text":"","src":"https:\/\/i0.wp.com\/www.didapro.org\/9\/wp-content\/uploads\/sites\/6\/2017\/10\/program_3.jpg?fit=1200%2C720&ssl=1&resize=350%2C200","width":350,"height":200,"srcset":"https:\/\/i0.wp.com\/www.didapro.org\/9\/wp-content\/uploads\/sites\/6\/2017\/10\/program_3.jpg?fit=1200%2C720&ssl=1&resize=350%2C200 1x, https:\/\/i0.wp.com\/www.didapro.org\/9\/wp-content\/uploads\/sites\/6\/2017\/10\/program_3.jpg?fit=1200%2C720&ssl=1&resize=525%2C300 1.5x, https:\/\/i0.wp.com\/www.didapro.org\/9\/wp-content\/uploads\/sites\/6\/2017\/10\/program_3.jpg?fit=1200%2C720&ssl=1&resize=700%2C400 2x, https:\/\/i0.wp.com\/www.didapro.org\/9\/wp-content\/uploads\/sites\/6\/2017\/10\/program_3.jpg?fit=1200%2C720&ssl=1&resize=1050%2C600 3x"},"classes":[]},{"id":733,"url":"https:\/\/www.didapro.org\/9\/partenaires\/","url_meta":{"origin":657,"position":4},"title":"Organisateurs et partenaires","author":"7","date":"15 janvier 2018","format":false,"excerpt":"Le colloque Didapro 9 \u2013 DidaSTIC est organis\u00e9 par : Centre de Recherche en Education de NantesINSP\u00c9 de l'acad\u00e9mie de NantesLe Mans Universit\u00e9 Il est soutenu par les partenaires : Acad\u00e9mie de NantesINSPE de l'acad\u00e9mie de la R\u00e9unionC3I - IREM Commission inter-IREM informatique","rel":"","context":"Article similaire","block_context":{"text":"Article similaire","link":""},"img":{"alt_text":"","src":"https:\/\/i0.wp.com\/www.didapro.org\/9\/wp-content\/uploads\/sites\/6\/2017\/04\/header-conference.jpg?fit=1200%2C720&ssl=1&resize=350%2C200","width":350,"height":200,"srcset":"https:\/\/i0.wp.com\/www.didapro.org\/9\/wp-content\/uploads\/sites\/6\/2017\/04\/header-conference.jpg?fit=1200%2C720&ssl=1&resize=350%2C200 1x, https:\/\/i0.wp.com\/www.didapro.org\/9\/wp-content\/uploads\/sites\/6\/2017\/04\/header-conference.jpg?fit=1200%2C720&ssl=1&resize=525%2C300 1.5x, https:\/\/i0.wp.com\/www.didapro.org\/9\/wp-content\/uploads\/sites\/6\/2017\/04\/header-conference.jpg?fit=1200%2C720&ssl=1&resize=700%2C400 2x, https:\/\/i0.wp.com\/www.didapro.org\/9\/wp-content\/uploads\/sites\/6\/2017\/04\/header-conference.jpg?fit=1200%2C720&ssl=1&resize=1050%2C600 3x"},"classes":[]},{"id":810,"url":"https:\/\/www.didapro.org\/9\/conferences-invitees\/","url_meta":{"origin":657,"position":5},"title":"Conf\u00e9rences invit\u00e9es","author":"7","date":"19 f\u00e9vrier 2018","format":false,"excerpt":"Mercredi 18 mai 2022 : Pierre Eric Mounier-Kuhn CNRS, Sorbonne Universit\u00e9 et CentraleSup\u00e9lec - Chercheur associ\u00e9 au Centre Alexandre Koyr\u00e9 La construction sociale d'une discipline acad\u00e9mique : l'informatique Comment l'informatique, qui n'\u00e9tait il y a 60 ans qu'une technique auxiliaire des math\u00e9matiques appliqu\u00e9es, est-elle devenue en un demi-si\u00e8cle une \"science\",\u2026","rel":"","context":"Article similaire","block_context":{"text":"Article similaire","link":""},"img":{"alt_text":"","src":"https:\/\/i0.wp.com\/www.didapro.org\/9\/wp-content\/uploads\/sites\/6\/2018\/02\/header-bolo.jpg?fit=1200%2C720&ssl=1&resize=350%2C200","width":350,"height":200,"srcset":"https:\/\/i0.wp.com\/www.didapro.org\/9\/wp-content\/uploads\/sites\/6\/2018\/02\/header-bolo.jpg?fit=1200%2C720&ssl=1&resize=350%2C200 1x, https:\/\/i0.wp.com\/www.didapro.org\/9\/wp-content\/uploads\/sites\/6\/2018\/02\/header-bolo.jpg?fit=1200%2C720&ssl=1&resize=525%2C300 1.5x, https:\/\/i0.wp.com\/www.didapro.org\/9\/wp-content\/uploads\/sites\/6\/2018\/02\/header-bolo.jpg?fit=1200%2C720&ssl=1&resize=700%2C400 2x, https:\/\/i0.wp.com\/www.didapro.org\/9\/wp-content\/uploads\/sites\/6\/2018\/02\/header-bolo.jpg?fit=1200%2C720&ssl=1&resize=1050%2C600 3x"},"classes":[]}],"jetpack_likes_enabled":true,"_links":{"self":[{"href":"https:\/\/www.didapro.org\/9\/wp-json\/wp\/v2\/pages\/657","targetHints":{"allow":["GET"]}}],"collection":[{"href":"https:\/\/www.didapro.org\/9\/wp-json\/wp\/v2\/pages"}],"about":[{"href":"https:\/\/www.didapro.org\/9\/wp-json\/wp\/v2\/types\/page"}],"author":[{"embeddable":true,"href":"https:\/\/www.didapro.org\/9\/wp-json\/wp\/v2\/users\/3"}],"replies":[{"embeddable":true,"href":"https:\/\/www.didapro.org\/9\/wp-json\/wp\/v2\/comments?post=657"}],"version-history":[{"count":24,"href":"https:\/\/www.didapro.org\/9\/wp-json\/wp\/v2\/pages\/657\/revisions"}],"predecessor-version":[{"id":1335,"href":"https:\/\/www.didapro.org\/9\/wp-json\/wp\/v2\/pages\/657\/revisions\/1335"}],"wp:attachment":[{"href":"https:\/\/www.didapro.org\/9\/wp-json\/wp\/v2\/media?parent=657"}],"curies":[{"name":"wp","href":"https:\/\/api.w.org\/{rel}","templated":true}]}}