{"id":489,"date":"2017-04-18T17:12:02","date_gmt":"2017-04-18T15:12:02","guid":{"rendered":"https:\/\/didapro.org\/9abc\/?page_id=489"},"modified":"2022-02-27T06:41:40","modified_gmt":"2022-02-27T05:41:40","slug":"objectifs-et-themes","status":"publish","type":"page","link":"https:\/\/www.didapro.org\/9\/objectifs-et-themes\/","title":{"rendered":"Objectifs et th\u00e8mes"},"content":{"rendered":"<p>Depuis 1988, les colloques de didactique de l\u2019informatique, puis le colloque Didapro \u2013 DidaSTIC explorent des th\u00e8mes autour de l\u2019enseignement et l\u2019apprentissage de l\u2019informatique. La 9e \u00e9dition (Didapro 9), co-organis\u00e9e par le CREN (Centre de Recherche en Education de Nantes) et l\u2019INSPE de l\u2019Acad\u00e9mie de Nantes se d\u00e9roulera sur trois jours, du mercredi 18 mai au vendredi 20 mai 2022.<\/p>\n<p>Le premier jour sera destin\u00e9 \u00e0 des ateliers pour et par des enseignants du primaire et secondaire et leurs partenaires \u00e9ducatifs. Les deux journ\u00e9es suivantes seront d\u00e9di\u00e9es au colloque scientifique. La rencontre est ouverte non seulement aux chercheurs, mais \u00e9galement \u00e0 tous les enseignants et acteurs de l\u2019\u00e9ducation int\u00e9ress\u00e9s par les th\u00e9matiques du colloque.<\/p>\n<p>Les th\u00e9matiques suivantes serviront de lignes directrices :<\/p>\n<ul>\n<li>Pratiques d\u2019enseignement et activit\u00e9s d\u2019apprentissage ;<\/li>\n<li>Ressources, dispositifs, sc\u00e9narios et environnements pour l\u2019enseignement de l\u2019informatique ;<\/li>\n<li>Politiques publiques et curricula ;<\/li>\n<li>Acteurs (conception, identit\u00e9, formation, coop\u00e9ration).<\/li>\n<\/ul>\n<p><strong>Journ\u00e9e Enseignants \u2013 18 mai 2022 \u2013 INSPE de l\u2019acad\u00e9mie de Nantes, site du Mans<\/strong><br \/>\nLa journ\u00e9e du mercredi 18 mai 2022, organis\u00e9e sur le site du Mans de l\u2019INSPE, ouverte \u00e0 tous les enseignants, associera aux conf\u00e9rences scientifiques et tables-rondes qui se d\u00e9rouleront le matin, une s\u00e9rie d\u2019ateliers l\u2019apr\u00e8s-midi sp\u00e9cifiques aux diff\u00e9rents niveaux de l\u2019enseignement scolaire. Cette journ\u00e9e est reconnue comme journ\u00e9e de formation continue pour les enseignants de l\u2019Acad\u00e9mie de Nantes.<\/p>\n<p><strong>Colloque \u2013 19 et 20 mai 2022 \u2013 Campus de l\u2019Universit\u00e9 du Mans<\/strong><br \/>\nLa partie scientifique du colloque, ouverte aux chercheurs de diff\u00e9rents disciplines (sciences de l\u2019\u00e9ducation, didactique, informatique, psychologie, sciences de l\u2019information et de la communication, \u00e9pist\u00e9mologie, etc.) et aux praticiens, se d\u00e9roulera les 19 et 20 mai 2022, sur le campus Le Mans Universit\u00e9. Nous attendons des contributions relevant de ces diff\u00e9rentes disciplines en lien avec les th\u00e9matiques d\u00e9finies ci-dessus.<\/p>\n<p><strong>Grandes orientations<\/strong><br \/>\nLa 9e \u00e9dition du colloque Didapro-DidaSTIC se situe dans la continuit\u00e9 des pr\u00e9c\u00e9dentes et les diff\u00e9rents th\u00e8mes qui y ont \u00e9t\u00e9 abord\u00e9s sont \u00e0 nouveau convoqu\u00e9s. L\u2019enjeu est non seulement de poursuivre la confrontation des regards sur l\u2019enseignement et l\u2019apprentissage de l\u2019informatique entre praticiens, informaticiens et sp\u00e9cialistes de l\u2019\u00e9ducation (didacticiens, psychologues de l\u2019apprentissage, sociologues des usages du num\u00e9rique, linguistes, SIC, etc.) mais aussi, de mettre en lumi\u00e8re en quoi l\u2019informatique en tant qu\u2019objet d\u2019enseignement peut contribuer \u00e0 la construction d\u2019une culture n\u00e9cessaire pour mieux appr\u00e9hender notre soci\u00e9t\u00e9 num\u00e9rique.<\/p>\n<p>Les objets principaux que souhaite explorer cette manifestation seront les pratiques d\u2019enseignement et d\u2019apprentissage (points de vue disciplinaires vari\u00e9s), les environnements, les politiques publiques d\u2019enseignement de l\u2019informatique et les acteurs impliqu\u00e9s. Tous les contextes, qu\u2019ils soient scolaires, universitaires, professionnels, associatifs, FTLV, p\u00e9riscolaire, \u00e9cole inclusive, sont concern\u00e9s.<\/p>\n<h5>Quatre axes principaux sont privil\u00e9gi\u00e9s :<\/h5>\n<h6><strong>Axe 1 : Pratiques d\u2019enseignement, activit\u00e9s d\u2019apprentissage<\/strong><\/h6>\n<p style=\"padding-left: 40px\">Cet axe s\u2019int\u00e9ressera aux activit\u00e9s, aux pratiques, aux repr\u00e9sentations, aux pr\u00e9-conceptions, des apprenants et des enseignants, des acteurs \u00e9ducatifs, dans un contexte formel ou non formel (p\u00e9riscolaire).<br \/>\nQuelles difficult\u00e9s conceptuelles identifi\u00e9es chez les \u00e9l\u00e8ves du primaire et du lyc\u00e9e ? Quelles connaissances ont les enseignants des difficult\u00e9s possibles de leurs \u00e9l\u00e8ves&nbsp;? Comment les mod\u00e8les des didactiques disciplinaires (math\u00e9matique, sciences, technologie) et de didactique professionnelle peuvent-ils contribuer \u00e0 appr\u00e9hender l\u2019activit\u00e9 de l\u2019enseignant&nbsp;et de ses \u00e9l\u00e8ves&nbsp;?<\/p>\n<p><strong>Axe 2 : Ressources, dispositifs, sc\u00e9narios et environnements pour l\u2019enseignement de l\u2019informatique<\/strong><\/p>\n<p style=\"padding-left: 40px\">Cet axe rassemblera par exemple les communications portant sur les questions suivantes.<br \/>\nQuelles ressources sont disponibles pour former \u00e0\/par l\u2019informatique&nbsp;? Comment concevoir des sc\u00e9narios p\u00e9dagogiques permettant aux \u00e9l\u00e8ves de travailler diff\u00e9rentes dimensions de l\u2019informatique tout en \u00ab&nbsp;s\u2019outillant&nbsp;\u00bb pour savoir analyser et interpr\u00e9ter&nbsp;certains ph\u00e9nom\u00e8nes sociaux et techniques ? Quelles activit\u00e9s d\u2019enseignement pour consolider les connaissances, dans diff\u00e9rents contextes de formation, scolaire, professionnels, d\u2019adultes&nbsp;?<\/p>\n<h6><strong>Axe 3 : Politiques publiques, curricula<\/strong><\/h6>\n<p style=\"padding-left: 40px\">Cet axe regroupera les communications traitant des politiques publiques, de l\u2019\u00e9cole \u00e0 l\u2019universit\u00e9, des politiques de la formation des enseignants et du pilotage de l\u2019activit\u00e9 enseignante. Les politiques et discours publics de formation d\u2019adultes ou de retours \u00e0 l\u2019emploi pourront \u00eatre analys\u00e9s. Quels sont les curricula prescrits, r\u00e9alis\u00e9s ? Quelles sont les proximit\u00e9s et les alliances avec des domaines proches (documentation, \u00e9ducation aux m\u00e9dias, math\u00e9matiques, sciences, etc.) ? Quelles sont les continuit\u00e9s entre l&rsquo;\u00e9cole primaire, le coll\u00e8ge, le lyc\u00e9e et l&rsquo;universit\u00e9 ?<\/p>\n<h6><strong>Axe 4&nbsp;: Acteurs (repr\u00e9sentations, identit\u00e9, communaut\u00e9)<\/strong><\/h6>\n<p style=\"padding-left: 40px\">Cet axe s\u2019int\u00e9ressera en particulier \u00e0 interroger les acteurs du point de vue de leurs repr\u00e9sentations de l\u2019informatique, leur identit\u00e9 professionnelle ainsi que les communaut\u00e9s auxquelles ils appartiennent. Les acteurs de la formation, les enseignants professeur d&rsquo;informatique en lyc\u00e9e g\u00e9n\u00e9ral, les partenaires de l\u2019\u00e9cole sont principalement cibl\u00e9s.<\/p>\n<p>&nbsp;<\/p>\n<p>&nbsp;<\/p>\n","protected":false},"excerpt":{"rendered":"<p>Depuis 1988, les colloques de didactique de l\u2019informatique, puis le colloque Didapro \u2013 DidaSTIC explorent des th\u00e8mes autour de l\u2019enseignement et l\u2019apprentissage de l\u2019informatique. La 9e \u00e9dition (Didapro 9), co-organis\u00e9e par le CREN (Centre de Recherche en Education de Nantes) et l\u2019INSPE de l\u2019Acad\u00e9mie de Nantes se d\u00e9roulera sur trois jours, du mercredi 18 mai &hellip; <\/p>\n<p class=\"link-more\"><a href=\"https:\/\/www.didapro.org\/9\/objectifs-et-themes\/\" class=\"more-link\">Continuer la lecture<span class=\"screen-reader-text\"> de &laquo;&nbsp;Objectifs et th\u00e8mes&nbsp;&raquo;<\/span><\/a><\/p>\n","protected":false},"author":2,"featured_media":0,"parent":0,"menu_order":0,"comment_status":"closed","ping_status":"closed","template":"","meta":{"jetpack_post_was_ever_published":false,"footnotes":""},"class_list":["post-489","page","type-page","status-publish","hentry"],"jetpack_sharing_enabled":true,"jetpack_shortlink":"https:\/\/wp.me\/PcTN9V-7T","jetpack-related-posts":[{"id":353,"url":"https:\/\/www.didapro.org\/9\/","url_meta":{"origin":489,"position":0},"title":"Accueil","author":"admin","date":"7 ao\u00fbt 2016","format":false,"excerpt":"Didapro 9 \u2013 DidaSTIC 9\u00e8me colloque francophone de didactique de l'informatique 18-20 mai 2022 Le Mans Co-organis\u00e9 par le CREN port\u00e9 par les universit\u00e9s de Nantes et Le Mans, et l'INSPE de l'acad\u00e9mie de Nantes \u00a0 Depuis 1988, les colloques de didactique de l\u2019informatique, puis le colloque Didapro \u2013 DidaSTIC\u2026","rel":"","context":"Article similaire","block_context":{"text":"Article similaire","link":""},"img":{"alt_text":"","src":"","width":0,"height":0},"classes":[]},{"id":733,"url":"https:\/\/www.didapro.org\/9\/partenaires\/","url_meta":{"origin":489,"position":1},"title":"Organisateurs et partenaires","author":"7","date":"15 janvier 2018","format":false,"excerpt":"Le colloque Didapro 9 \u2013 DidaSTIC est organis\u00e9 par : Centre de Recherche en Education de NantesINSP\u00c9 de l'acad\u00e9mie de NantesLe Mans Universit\u00e9 Il est soutenu par les partenaires : Acad\u00e9mie de NantesINSPE de l'acad\u00e9mie de la R\u00e9unionC3I - IREM Commission inter-IREM informatique","rel":"","context":"Article similaire","block_context":{"text":"Article similaire","link":""},"img":{"alt_text":"","src":"https:\/\/i0.wp.com\/www.didapro.org\/9\/wp-content\/uploads\/sites\/6\/2017\/04\/header-conference.jpg?fit=1200%2C720&ssl=1&resize=350%2C200","width":350,"height":200,"srcset":"https:\/\/i0.wp.com\/www.didapro.org\/9\/wp-content\/uploads\/sites\/6\/2017\/04\/header-conference.jpg?fit=1200%2C720&ssl=1&resize=350%2C200 1x, https:\/\/i0.wp.com\/www.didapro.org\/9\/wp-content\/uploads\/sites\/6\/2017\/04\/header-conference.jpg?fit=1200%2C720&ssl=1&resize=525%2C300 1.5x, https:\/\/i0.wp.com\/www.didapro.org\/9\/wp-content\/uploads\/sites\/6\/2017\/04\/header-conference.jpg?fit=1200%2C720&ssl=1&resize=700%2C400 2x, https:\/\/i0.wp.com\/www.didapro.org\/9\/wp-content\/uploads\/sites\/6\/2017\/04\/header-conference.jpg?fit=1200%2C720&ssl=1&resize=1050%2C600 3x"},"classes":[]},{"id":657,"url":"https:\/\/www.didapro.org\/9\/inscription\/","url_meta":{"origin":489,"position":2},"title":"Inscription","author":"jppellet","date":"29 novembre 2017","format":false,"excerpt":"Inscriptions du 1er mars 2022 au 13 mai 2022 Inscriptions \u00e0 la journ\u00e9e d\u2019ouverture et au colloque scientifique \u00a0 Journ\u00e9e des enseignant\u00b7e\u00b7s* uniquement \u00a0 Journ\u00e9e + Colloque avec repas de gala Enseignants-Chercheurs et Enseignantes-Chercheuses, Chercheur\u00b7e\u00b7s Inclus dans l\u2019inscription DidaPro9 \u00a0 180 \u20ac Doctorant\u00b7e\u00b7s Inclus dans l\u2019inscription DidaPro9 \u00a0 80 \u20ac\u2026","rel":"","context":"Article similaire","block_context":{"text":"Article similaire","link":""},"img":{"alt_text":"","src":"","width":0,"height":0},"classes":[]},{"id":507,"url":"https:\/\/www.didapro.org\/9\/contributions-dates\/","url_meta":{"origin":489,"position":3},"title":"Contributions et dates","author":"jppellet","date":"5 mai 2017","format":false,"excerpt":"Contributions Quatre types de contributions peuvent \u00eatre propos\u00e9es : article long (8-12 pages)article court (4-6 pages)proposition de poster (2-4 pages)proposition d'atelier (de une \u00e0 au maximum 4 pages) Les contributions sont soumises via la plateforme EasyChair avant les dates sp\u00e9cifi\u00e9es\u00a0ci-dessous. Les contributions sont \u00e0 r\u00e9diger en fran\u00e7ais. Dates importantes D\u00e9p\u00f4t\u00a0des\u00a0articles\u2026","rel":"","context":"Article similaire","block_context":{"text":"Article similaire","link":""},"img":{"alt_text":"","src":"https:\/\/i0.wp.com\/www.didapro.org\/9\/wp-content\/uploads\/sites\/6\/2017\/04\/header-didapro-1.jpg?fit=1200%2C720&ssl=1&resize=350%2C200","width":350,"height":200,"srcset":"https:\/\/i0.wp.com\/www.didapro.org\/9\/wp-content\/uploads\/sites\/6\/2017\/04\/header-didapro-1.jpg?fit=1200%2C720&ssl=1&resize=350%2C200 1x, https:\/\/i0.wp.com\/www.didapro.org\/9\/wp-content\/uploads\/sites\/6\/2017\/04\/header-didapro-1.jpg?fit=1200%2C720&ssl=1&resize=525%2C300 1.5x, https:\/\/i0.wp.com\/www.didapro.org\/9\/wp-content\/uploads\/sites\/6\/2017\/04\/header-didapro-1.jpg?fit=1200%2C720&ssl=1&resize=700%2C400 2x, https:\/\/i0.wp.com\/www.didapro.org\/9\/wp-content\/uploads\/sites\/6\/2017\/04\/header-didapro-1.jpg?fit=1200%2C720&ssl=1&resize=1050%2C600 3x"},"classes":[]},{"id":604,"url":"https:\/\/www.didapro.org\/9\/programme\/","url_meta":{"origin":489,"position":4},"title":"Programme","author":"jppellet","date":"27 octobre 2017","format":false,"excerpt":"Mercredi 18 mai 8h30 - 9hAccueil9h - 9h20Ouverture du colloque9h20 - 10h30Conf\u00e9rence invit\u00e9e : Pierre Eric Mounier-Kuhn10h30 - 11hPause11h - 12h30Table-ronde : Les enseignants.e.s d'informatique au lyc\u00e9e 12h30 - 14hD\u00e9jeuner14h - 14h45Ateliers 114h45 - 15hPause15h - 15h45Ateliers 215h45 - 16hPause16h - 16h45Ateliers 3 Jeudi 19 mai 8h30 - 9hAccueil9h -\u2026","rel":"","context":"Article similaire","block_context":{"text":"Article similaire","link":""},"img":{"alt_text":"","src":"https:\/\/i0.wp.com\/www.didapro.org\/9\/wp-content\/uploads\/sites\/6\/2017\/10\/program_3.jpg?fit=1200%2C720&ssl=1&resize=350%2C200","width":350,"height":200,"srcset":"https:\/\/i0.wp.com\/www.didapro.org\/9\/wp-content\/uploads\/sites\/6\/2017\/10\/program_3.jpg?fit=1200%2C720&ssl=1&resize=350%2C200 1x, https:\/\/i0.wp.com\/www.didapro.org\/9\/wp-content\/uploads\/sites\/6\/2017\/10\/program_3.jpg?fit=1200%2C720&ssl=1&resize=525%2C300 1.5x, https:\/\/i0.wp.com\/www.didapro.org\/9\/wp-content\/uploads\/sites\/6\/2017\/10\/program_3.jpg?fit=1200%2C720&ssl=1&resize=700%2C400 2x, https:\/\/i0.wp.com\/www.didapro.org\/9\/wp-content\/uploads\/sites\/6\/2017\/10\/program_3.jpg?fit=1200%2C720&ssl=1&resize=1050%2C600 3x"},"classes":[]},{"id":810,"url":"https:\/\/www.didapro.org\/9\/conferences-invitees\/","url_meta":{"origin":489,"position":5},"title":"Conf\u00e9rences invit\u00e9es","author":"7","date":"19 f\u00e9vrier 2018","format":false,"excerpt":"Mercredi 18 mai 2022 : Pierre Eric Mounier-Kuhn CNRS, Sorbonne Universit\u00e9 et CentraleSup\u00e9lec - Chercheur associ\u00e9 au Centre Alexandre Koyr\u00e9 La construction sociale d'une discipline acad\u00e9mique : l'informatique Comment l'informatique, qui n'\u00e9tait il y a 60 ans qu'une technique auxiliaire des math\u00e9matiques appliqu\u00e9es, est-elle devenue en un demi-si\u00e8cle une \"science\",\u2026","rel":"","context":"Article similaire","block_context":{"text":"Article similaire","link":""},"img":{"alt_text":"","src":"https:\/\/i0.wp.com\/www.didapro.org\/9\/wp-content\/uploads\/sites\/6\/2018\/02\/header-bolo.jpg?fit=1200%2C720&ssl=1&resize=350%2C200","width":350,"height":200,"srcset":"https:\/\/i0.wp.com\/www.didapro.org\/9\/wp-content\/uploads\/sites\/6\/2018\/02\/header-bolo.jpg?fit=1200%2C720&ssl=1&resize=350%2C200 1x, https:\/\/i0.wp.com\/www.didapro.org\/9\/wp-content\/uploads\/sites\/6\/2018\/02\/header-bolo.jpg?fit=1200%2C720&ssl=1&resize=525%2C300 1.5x, https:\/\/i0.wp.com\/www.didapro.org\/9\/wp-content\/uploads\/sites\/6\/2018\/02\/header-bolo.jpg?fit=1200%2C720&ssl=1&resize=700%2C400 2x, https:\/\/i0.wp.com\/www.didapro.org\/9\/wp-content\/uploads\/sites\/6\/2018\/02\/header-bolo.jpg?fit=1200%2C720&ssl=1&resize=1050%2C600 3x"},"classes":[]}],"jetpack_likes_enabled":true,"_links":{"self":[{"href":"https:\/\/www.didapro.org\/9\/wp-json\/wp\/v2\/pages\/489","targetHints":{"allow":["GET"]}}],"collection":[{"href":"https:\/\/www.didapro.org\/9\/wp-json\/wp\/v2\/pages"}],"about":[{"href":"https:\/\/www.didapro.org\/9\/wp-json\/wp\/v2\/types\/page"}],"author":[{"embeddable":true,"href":"https:\/\/www.didapro.org\/9\/wp-json\/wp\/v2\/users\/2"}],"replies":[{"embeddable":true,"href":"https:\/\/www.didapro.org\/9\/wp-json\/wp\/v2\/comments?post=489"}],"version-history":[{"count":10,"href":"https:\/\/www.didapro.org\/9\/wp-json\/wp\/v2\/pages\/489\/revisions"}],"predecessor-version":[{"id":1317,"href":"https:\/\/www.didapro.org\/9\/wp-json\/wp\/v2\/pages\/489\/revisions\/1317"}],"wp:attachment":[{"href":"https:\/\/www.didapro.org\/9\/wp-json\/wp\/v2\/media?parent=489"}],"curies":[{"name":"wp","href":"https:\/\/api.w.org\/{rel}","templated":true}]}}