{"id":353,"date":"2016-08-07T06:48:04","date_gmt":"2016-08-07T06:48:04","guid":{"rendered":"http:\/\/localhost\/wordpress\/event\/?page_id=4"},"modified":"2022-02-27T06:33:01","modified_gmt":"2022-02-27T05:33:01","slug":"home","status":"publish","type":"page","link":"https:\/\/www.didapro.org\/9\/","title":{"rendered":"Accueil"},"content":{"rendered":"<h4 style=\"text-align: center\">Didapro 9 \u2013 DidaSTIC<br \/>\n9\u00e8me colloque francophone de didactique de l&rsquo;informatique<\/h4>\n<h4 style=\"text-align: center\"><a href=\"\/\/didapro.org\/docs\/didapro9.ics\">18-20 mai 2022<\/a><\/h4>\n<h4 style=\"text-align: center\">Le Mans<\/h4>\n<p style=\"text-align: center\">Co-organis\u00e9 par le CREN port\u00e9 par les universit\u00e9s de Nantes et Le Mans, et l&rsquo;INSPE de l&rsquo;acad\u00e9mie de Nantes<\/p>\n<p>&nbsp;<\/p>\n<p>Depuis<span style=\"font-size: medium\"> 1988, les colloques de didactique de l\u2019informatique, puis le colloque Didapro \u2013 DidaSTIC explorent les th\u00e8mes autour de l\u2019enseignement et l\u2019apprentissage de l\u2019informatique.<\/span> <span style=\"font-size: medium\">La 9\u00e8me \u00e9dition (DIDAPRO 9), co-organis\u00e9e par le CREN (Centre de Recherche en Education de Nantes) et l&rsquo;INSPE de l&rsquo;Acad\u00e9mie de Nantes se d\u00e9roulera sur trois jours, du mercredi 18 mai au vendredi 20 mai 2022. <\/span><\/p>\n<p><span style=\"font-size: medium\">Le premier jour sera destin\u00e9 \u00e0 des ateliers pour et par les enseignants du primaire et secondaire et leurs partenaires \u00e9ducatifs. Les deux journ\u00e9es suivantes seront d\u00e9di\u00e9es au colloque scientifique. La rencontre est ouverte non seulement aux chercheurs, mais \u00e9galement \u00e0 tous les enseignants et acteurs de l&rsquo;\u00e9ducation int\u00e9ress\u00e9s par les th\u00e9matiques du colloque.<\/span><\/p>\n<p><span style=\"font-size: medium\">Les th\u00e9matiques suivantes serviront de lignes directrices : <\/span><\/p>\n<ul>\n<li style=\"list-style-type: none\">\n<ul>\n<li>Pratiques d\u2019enseignement et activit\u00e9s d\u2019apprentissage;<\/li>\n<li>Ressources, dispositifs, sc\u00e9narios et environnements pour l\u2019enseignement de l\u2019informatique;<\/li>\n<li>Politiques publiques et curricula;<\/li>\n<li>Acteurs (conception, identit\u00e9, formation, coop\u00e9ration).<\/li>\n<\/ul>\n<\/li>\n<\/ul>\n<p><strong>Journ\u00e9e Enseignants &#8211; 18 mai 2022 &#8211; INSPE de l&rsquo;acad\u00e9mie de Nantes, site du Mans<br \/>\n<\/strong><\/p>\n<p><span style=\"font-size: medium\">La journ\u00e9e du mercredi 18 mai 2022, <\/span><span style=\"font-size: medium\">organis\u00e9e sur le site du Mans de l&rsquo;INSPE, ouverte \u00e0 tous les enseignants, associera aux conf\u00e9rences scientifiques et tables-rondes qui se d\u00e9rouleront le matin, une s\u00e9rie d\u2019ateliers l\u2019apr\u00e8s-midi sp\u00e9cifiques aux diff\u00e9rents niveaux de l&rsquo;enseignement scolaire. <\/span><span style=\"font-size: medium\">Cette journ\u00e9e est reconnue comme journ\u00e9e de formation continue pour les enseignants de l\u2019Acad\u00e9mie de Nantes.<\/span><\/p>\n<p><strong>Colloque &#8211; 19 et 20 mai 2022 &#8211; Campus de l&rsquo;Universit\u00e9 du Mans<\/strong><\/p>\n<p><span style=\"font-size: medium\">La partie scientifique du colloque, ouverte aux chercheurs de diff\u00e9rents disciplines (sciences de l\u2019\u00e9ducation, didactique, informatique, psychologie, sciences de l\u2019information et de la communication, \u00e9pist\u00e9mologie, etc.) et aux praticiens, se d\u00e9roulera les 19 et 20 mai 2022, sur le campus Le Mans Universit\u00e9. Nous attendons des contributions relevant de ces diff\u00e9rentes disciplines en lien avec les th\u00e9matiques d\u00e9finies ci-dessus.<\/span><\/p>\n<p style=\"text-align: center\"><a href=\"https:\/\/didapro.org\/9\/objectifs-et-themes\/\"><button id=\"en_savoir_plus\" class=\"bouton_arrondi\">En savoir plus&#8230;<\/button><\/a><\/p>\n","protected":false},"excerpt":{"rendered":"<p>Didapro 9 \u2013 DidaSTIC 9\u00e8me colloque francophone de didactique de l&rsquo;informatique 18-20 mai 2022 Le Mans Co-organis\u00e9 par le CREN port\u00e9 par les universit\u00e9s de Nantes et Le Mans, et l&rsquo;INSPE de l&rsquo;acad\u00e9mie de Nantes &nbsp; Depuis 1988, les colloques de didactique de l\u2019informatique, puis le colloque Didapro \u2013 DidaSTIC explorent les th\u00e8mes autour de &hellip; <\/p>\n<p class=\"link-more\"><a href=\"https:\/\/www.didapro.org\/9\/\" class=\"more-link\">Continuer la lecture<span class=\"screen-reader-text\"> de &laquo;&nbsp;Accueil&nbsp;&raquo;<\/span><\/a><\/p>\n","protected":false},"author":1,"featured_media":0,"parent":0,"menu_order":0,"comment_status":"closed","ping_status":"closed","template":"","meta":{"jetpack_post_was_ever_published":false,"footnotes":""},"class_list":["post-353","page","type-page","status-publish","hentry"],"jetpack_sharing_enabled":true,"jetpack_shortlink":"https:\/\/wp.me\/PcTN9V-5H","jetpack-related-posts":[{"id":489,"url":"https:\/\/www.didapro.org\/9\/objectifs-et-themes\/","url_meta":{"origin":353,"position":0},"title":"Objectifs et th\u00e8mes","author":"7","date":"18 avril 2017","format":false,"excerpt":"Depuis 1988, les colloques de didactique de l\u2019informatique, puis le colloque Didapro \u2013 DidaSTIC explorent des th\u00e8mes autour de l\u2019enseignement et l\u2019apprentissage de l\u2019informatique. La 9e \u00e9dition (Didapro 9), co-organis\u00e9e par le CREN (Centre de Recherche en Education de Nantes) et l\u2019INSPE de l\u2019Acad\u00e9mie de Nantes se d\u00e9roulera sur trois\u2026","rel":"","context":"Article similaire","block_context":{"text":"Article similaire","link":""},"img":{"alt_text":"","src":"","width":0,"height":0},"classes":[]},{"id":733,"url":"https:\/\/www.didapro.org\/9\/partenaires\/","url_meta":{"origin":353,"position":1},"title":"Organisateurs et partenaires","author":"7","date":"15 janvier 2018","format":false,"excerpt":"Le colloque Didapro 9 \u2013 DidaSTIC est organis\u00e9 par : Centre de Recherche en Education de NantesINSP\u00c9 de l'acad\u00e9mie de NantesLe Mans Universit\u00e9 Il est soutenu par les partenaires : Acad\u00e9mie de NantesINSPE de l'acad\u00e9mie de la R\u00e9unionC3I - IREM Commission inter-IREM informatique","rel":"","context":"Article similaire","block_context":{"text":"Article similaire","link":""},"img":{"alt_text":"","src":"https:\/\/i0.wp.com\/www.didapro.org\/9\/wp-content\/uploads\/sites\/6\/2017\/04\/header-conference.jpg?fit=1200%2C720&ssl=1&resize=350%2C200","width":350,"height":200,"srcset":"https:\/\/i0.wp.com\/www.didapro.org\/9\/wp-content\/uploads\/sites\/6\/2017\/04\/header-conference.jpg?fit=1200%2C720&ssl=1&resize=350%2C200 1x, https:\/\/i0.wp.com\/www.didapro.org\/9\/wp-content\/uploads\/sites\/6\/2017\/04\/header-conference.jpg?fit=1200%2C720&ssl=1&resize=525%2C300 1.5x, https:\/\/i0.wp.com\/www.didapro.org\/9\/wp-content\/uploads\/sites\/6\/2017\/04\/header-conference.jpg?fit=1200%2C720&ssl=1&resize=700%2C400 2x, https:\/\/i0.wp.com\/www.didapro.org\/9\/wp-content\/uploads\/sites\/6\/2017\/04\/header-conference.jpg?fit=1200%2C720&ssl=1&resize=1050%2C600 3x"},"classes":[]},{"id":657,"url":"https:\/\/www.didapro.org\/9\/inscription\/","url_meta":{"origin":353,"position":2},"title":"Inscription","author":"jppellet","date":"29 novembre 2017","format":false,"excerpt":"Inscriptions du 1er mars 2022 au 13 mai 2022 Inscriptions \u00e0 la journ\u00e9e d\u2019ouverture et au colloque scientifique \u00a0 Journ\u00e9e des enseignant\u00b7e\u00b7s* uniquement \u00a0 Journ\u00e9e + Colloque avec repas de gala Enseignants-Chercheurs et Enseignantes-Chercheuses, Chercheur\u00b7e\u00b7s Inclus dans l\u2019inscription DidaPro9 \u00a0 180 \u20ac Doctorant\u00b7e\u00b7s Inclus dans l\u2019inscription DidaPro9 \u00a0 80 \u20ac\u2026","rel":"","context":"Article similaire","block_context":{"text":"Article similaire","link":""},"img":{"alt_text":"","src":"","width":0,"height":0},"classes":[]},{"id":476,"url":"https:\/\/www.didapro.org\/9\/comites\/","url_meta":{"origin":353,"position":3},"title":"Comit\u00e9s","author":"7","date":"14 avril 2017","format":false,"excerpt":"Comit\u00e9 scientifique Jean-Pierre ARCHAMBAULT, \u00a0Association EPI \u2013 Enseignement public et informatique Georges-Louis BARON, \u00a0Universit\u00e9 Paris DescartesMonique BARON, Sorbonne Universit\u00e9Jacques BEZIAT, \u00a0Universit\u00e9 de Caen NormandieL\u00e6titia BOULC'H, Universit\u00e9 Paris DescartesPascale BRANDT-POMARES, Aix-Marseille Universit\u00e9Julien BROISIN, Universit\u00e9 de ToulouseEric BRUILLARD, \u00a0ENS Paris-SaclayPierre-Andr\u00e9 CARON, Universit\u00e9 de LilleThierry DANQUIGNY, Universit\u00e9 de LilleChristophe DECLERCQ, INSP\u00c9 de l'acad\u00e9mie\u2026","rel":"","context":"Article similaire","block_context":{"text":"Article similaire","link":""},"img":{"alt_text":"","src":"https:\/\/i0.wp.com\/www.didapro.org\/9\/wp-content\/uploads\/sites\/6\/2017\/04\/header-didapro6.jpg?fit=1200%2C720&ssl=1&resize=350%2C200","width":350,"height":200,"srcset":"https:\/\/i0.wp.com\/www.didapro.org\/9\/wp-content\/uploads\/sites\/6\/2017\/04\/header-didapro6.jpg?fit=1200%2C720&ssl=1&resize=350%2C200 1x, https:\/\/i0.wp.com\/www.didapro.org\/9\/wp-content\/uploads\/sites\/6\/2017\/04\/header-didapro6.jpg?fit=1200%2C720&ssl=1&resize=525%2C300 1.5x, https:\/\/i0.wp.com\/www.didapro.org\/9\/wp-content\/uploads\/sites\/6\/2017\/04\/header-didapro6.jpg?fit=1200%2C720&ssl=1&resize=700%2C400 2x, https:\/\/i0.wp.com\/www.didapro.org\/9\/wp-content\/uploads\/sites\/6\/2017\/04\/header-didapro6.jpg?fit=1200%2C720&ssl=1&resize=1050%2C600 3x"},"classes":[]},{"id":604,"url":"https:\/\/www.didapro.org\/9\/programme\/","url_meta":{"origin":353,"position":4},"title":"Programme","author":"jppellet","date":"27 octobre 2017","format":false,"excerpt":"Mercredi 18 mai 8h30 - 9hAccueil9h - 9h20Ouverture du colloque9h20 - 10h30Conf\u00e9rence invit\u00e9e : Pierre Eric Mounier-Kuhn10h30 - 11hPause11h - 12h30Table-ronde : Les enseignants.e.s d'informatique au lyc\u00e9e 12h30 - 14hD\u00e9jeuner14h - 14h45Ateliers 114h45 - 15hPause15h - 15h45Ateliers 215h45 - 16hPause16h - 16h45Ateliers 3 Jeudi 19 mai 8h30 - 9hAccueil9h -\u2026","rel":"","context":"Article similaire","block_context":{"text":"Article similaire","link":""},"img":{"alt_text":"","src":"https:\/\/i0.wp.com\/www.didapro.org\/9\/wp-content\/uploads\/sites\/6\/2017\/10\/program_3.jpg?fit=1200%2C720&ssl=1&resize=350%2C200","width":350,"height":200,"srcset":"https:\/\/i0.wp.com\/www.didapro.org\/9\/wp-content\/uploads\/sites\/6\/2017\/10\/program_3.jpg?fit=1200%2C720&ssl=1&resize=350%2C200 1x, https:\/\/i0.wp.com\/www.didapro.org\/9\/wp-content\/uploads\/sites\/6\/2017\/10\/program_3.jpg?fit=1200%2C720&ssl=1&resize=525%2C300 1.5x, https:\/\/i0.wp.com\/www.didapro.org\/9\/wp-content\/uploads\/sites\/6\/2017\/10\/program_3.jpg?fit=1200%2C720&ssl=1&resize=700%2C400 2x, https:\/\/i0.wp.com\/www.didapro.org\/9\/wp-content\/uploads\/sites\/6\/2017\/10\/program_3.jpg?fit=1200%2C720&ssl=1&resize=1050%2C600 3x"},"classes":[]},{"id":552,"url":"https:\/\/www.didapro.org\/9\/lieu-et-hebergement\/","url_meta":{"origin":353,"position":5},"title":"Lieu et h\u00e9bergement","author":"7","date":"24 ao\u00fbt 2017","format":false,"excerpt":"Scannez-moi (l'indication 'ESPE' sous Google Maps est la bonne !) Localisation : \u00a0 Insp\u00e9 Acad\u00e9mie de Nantes - Site de formation du Mans 11 Bd Pythagore, 72016 Le MansGPS : 48.0173, 0.15530 T\u00e9l\u00e9charger le plan d'acc\u00e8s de l'Insp\u00e9 Site Le Mans Le Mans Universit\u00e9 Acc\u00e8s : Par le tram Depuis\u2026","rel":"","context":"Article similaire","block_context":{"text":"Article similaire","link":""},"img":{"alt_text":"","src":"https:\/\/i0.wp.com\/www.didapro.org\/9\/wp-content\/uploads\/sites\/6\/2019\/03\/lilliad-exterieur.jpg?fit=920%2C433&ssl=1&resize=350%2C200","width":350,"height":200,"srcset":"https:\/\/i0.wp.com\/www.didapro.org\/9\/wp-content\/uploads\/sites\/6\/2019\/03\/lilliad-exterieur.jpg?fit=920%2C433&ssl=1&resize=350%2C200 1x, https:\/\/i0.wp.com\/www.didapro.org\/9\/wp-content\/uploads\/sites\/6\/2019\/03\/lilliad-exterieur.jpg?fit=920%2C433&ssl=1&resize=525%2C300 1.5x, https:\/\/i0.wp.com\/www.didapro.org\/9\/wp-content\/uploads\/sites\/6\/2019\/03\/lilliad-exterieur.jpg?fit=920%2C433&ssl=1&resize=700%2C400 2x"},"classes":[]}],"jetpack_likes_enabled":true,"_links":{"self":[{"href":"https:\/\/www.didapro.org\/9\/wp-json\/wp\/v2\/pages\/353","targetHints":{"allow":["GET"]}}],"collection":[{"href":"https:\/\/www.didapro.org\/9\/wp-json\/wp\/v2\/pages"}],"about":[{"href":"https:\/\/www.didapro.org\/9\/wp-json\/wp\/v2\/types\/page"}],"author":[{"embeddable":true,"href":"https:\/\/www.didapro.org\/9\/wp-json\/wp\/v2\/users\/1"}],"replies":[{"embeddable":true,"href":"https:\/\/www.didapro.org\/9\/wp-json\/wp\/v2\/comments?post=353"}],"version-history":[{"count":39,"href":"https:\/\/www.didapro.org\/9\/wp-json\/wp\/v2\/pages\/353\/revisions"}],"predecessor-version":[{"id":1313,"href":"https:\/\/www.didapro.org\/9\/wp-json\/wp\/v2\/pages\/353\/revisions\/1313"}],"wp:attachment":[{"href":"https:\/\/www.didapro.org\/9\/wp-json\/wp\/v2\/media?parent=353"}],"curies":[{"name":"wp","href":"https:\/\/api.w.org\/{rel}","templated":true}]}}