{"id":1092,"date":"2020-01-22T09:55:27","date_gmt":"2020-01-22T08:55:27","guid":{"rendered":"https:\/\/didapro.org\/9\/?page_id=1092"},"modified":"2021-05-25T09:20:42","modified_gmt":"2021-05-25T07:20:42","slug":"contact","status":"publish","type":"page","link":"https:\/\/www.didapro.org\/9\/contact\/","title":{"rendered":"Contact"},"content":{"rendered":"\n<p><a href=\"mailto:didapro@univ-lemans.fr\" data-type=\"mailto\" data-id=\"mailto:didapro@univ-lemans.fr\">didapro@univ-lemans.fr<\/a><\/p>\n","protected":false},"excerpt":{"rendered":"<p>didapro@univ-lemans.fr<\/p>\n","protected":false},"author":6,"featured_media":0,"parent":0,"menu_order":0,"comment_status":"closed","ping_status":"closed","template":"","meta":{"jetpack_post_was_ever_published":false,"footnotes":""},"class_list":["post-1092","page","type-page","status-publish","hentry"],"jetpack_sharing_enabled":true,"jetpack_shortlink":"https:\/\/wp.me\/PcTN9V-hC","jetpack-related-posts":[{"id":616,"url":"https:\/\/www.didapro.org\/9\/test\/","url_meta":{"origin":1092,"position":0},"title":"Test","author":"7","date":"27 octobre 2017","format":false,"excerpt":"PLANNING DIDAPROT\u00e9l\u00e9charger","rel":"","context":"Article similaire","block_context":{"text":"Article similaire","link":""},"img":{"alt_text":"","src":"","width":0,"height":0},"classes":[]},{"id":733,"url":"https:\/\/www.didapro.org\/9\/partenaires\/","url_meta":{"origin":1092,"position":1},"title":"Organisateurs et partenaires","author":"7","date":"15 janvier 2018","format":false,"excerpt":"Le colloque Didapro 9 \u2013 DidaSTIC est organis\u00e9 par : Centre de Recherche en Education de NantesINSP\u00c9 de l'acad\u00e9mie de NantesLe Mans Universit\u00e9 Il est soutenu par les partenaires : Acad\u00e9mie de NantesINSPE de l'acad\u00e9mie de la R\u00e9unionC3I - IREM Commission inter-IREM informatique","rel":"","context":"Article similaire","block_context":{"text":"Article similaire","link":""},"img":{"alt_text":"","src":"https:\/\/i0.wp.com\/www.didapro.org\/9\/wp-content\/uploads\/sites\/6\/2017\/04\/header-conference.jpg?fit=1200%2C720&ssl=1&resize=350%2C200","width":350,"height":200,"srcset":"https:\/\/i0.wp.com\/www.didapro.org\/9\/wp-content\/uploads\/sites\/6\/2017\/04\/header-conference.jpg?fit=1200%2C720&ssl=1&resize=350%2C200 1x, https:\/\/i0.wp.com\/www.didapro.org\/9\/wp-content\/uploads\/sites\/6\/2017\/04\/header-conference.jpg?fit=1200%2C720&ssl=1&resize=525%2C300 1.5x, https:\/\/i0.wp.com\/www.didapro.org\/9\/wp-content\/uploads\/sites\/6\/2017\/04\/header-conference.jpg?fit=1200%2C720&ssl=1&resize=700%2C400 2x, https:\/\/i0.wp.com\/www.didapro.org\/9\/wp-content\/uploads\/sites\/6\/2017\/04\/header-conference.jpg?fit=1200%2C720&ssl=1&resize=1050%2C600 3x"},"classes":[]},{"id":179,"url":"https:\/\/www.didapro.org\/9\/blog\/","url_meta":{"origin":1092,"position":2},"title":"Blog","author":"admin","date":"14 ao\u00fbt 2016","format":false,"excerpt":"","rel":"","context":"Article similaire","block_context":{"text":"Article similaire","link":""},"img":{"alt_text":"","src":"","width":0,"height":0},"classes":[]},{"id":353,"url":"https:\/\/www.didapro.org\/9\/","url_meta":{"origin":1092,"position":3},"title":"Accueil","author":"admin","date":"7 ao\u00fbt 2016","format":false,"excerpt":"Didapro 9 \u2013 DidaSTIC 9\u00e8me colloque francophone de didactique de l'informatique 18-20 mai 2022 Le Mans Co-organis\u00e9 par le CREN port\u00e9 par les universit\u00e9s de Nantes et Le Mans, et l'INSPE de l'acad\u00e9mie de Nantes \u00a0 Depuis 1988, les colloques de didactique de l\u2019informatique, puis le colloque Didapro \u2013 DidaSTIC\u2026","rel":"","context":"Article similaire","block_context":{"text":"Article similaire","link":""},"img":{"alt_text":"","src":"","width":0,"height":0},"classes":[]},{"id":1186,"url":"https:\/\/www.didapro.org\/9\/table-ronde\/","url_meta":{"origin":1092,"position":4},"title":"Table ronde","author":"philippe","date":"10 f\u00e9vrier 2020","format":false,"excerpt":"Introduction d\u2019enseignements d\u2019informatique dans les programmes scolaires. \u00c9tat des lieux et enjeux.","rel":"","context":"Article similaire","block_context":{"text":"Article similaire","link":""},"img":{"alt_text":"","src":"","width":0,"height":0},"classes":[]},{"id":489,"url":"https:\/\/www.didapro.org\/9\/objectifs-et-themes\/","url_meta":{"origin":1092,"position":5},"title":"Objectifs et th\u00e8mes","author":"7","date":"18 avril 2017","format":false,"excerpt":"Depuis 1988, les colloques de didactique de l\u2019informatique, puis le colloque Didapro \u2013 DidaSTIC explorent des th\u00e8mes autour de l\u2019enseignement et l\u2019apprentissage de l\u2019informatique. La 9e \u00e9dition (Didapro 9), co-organis\u00e9e par le CREN (Centre de Recherche en Education de Nantes) et l\u2019INSPE de l\u2019Acad\u00e9mie de Nantes se d\u00e9roulera sur trois\u2026","rel":"","context":"Article similaire","block_context":{"text":"Article similaire","link":""},"img":{"alt_text":"","src":"","width":0,"height":0},"classes":[]}],"jetpack_likes_enabled":true,"_links":{"self":[{"href":"https:\/\/www.didapro.org\/9\/wp-json\/wp\/v2\/pages\/1092","targetHints":{"allow":["GET"]}}],"collection":[{"href":"https:\/\/www.didapro.org\/9\/wp-json\/wp\/v2\/pages"}],"about":[{"href":"https:\/\/www.didapro.org\/9\/wp-json\/wp\/v2\/types\/page"}],"author":[{"embeddable":true,"href":"https:\/\/www.didapro.org\/9\/wp-json\/wp\/v2\/users\/6"}],"replies":[{"embeddable":true,"href":"https:\/\/www.didapro.org\/9\/wp-json\/wp\/v2\/comments?post=1092"}],"version-history":[{"count":2,"href":"https:\/\/www.didapro.org\/9\/wp-json\/wp\/v2\/pages\/1092\/revisions"}],"predecessor-version":[{"id":1222,"href":"https:\/\/www.didapro.org\/9\/wp-json\/wp\/v2\/pages\/1092\/revisions\/1222"}],"wp:attachment":[{"href":"https:\/\/www.didapro.org\/9\/wp-json\/wp\/v2\/media?parent=1092"}],"curies":[{"name":"wp","href":"https:\/\/api.w.org\/{rel}","templated":true}]}}