{"id":810,"date":"2018-02-19T16:54:10","date_gmt":"2018-02-19T15:54:10","guid":{"rendered":"https:\/\/www.didapro.org\/8abc\/?page_id=810"},"modified":"2020-02-13T16:37:13","modified_gmt":"2020-02-13T15:37:13","slug":"conferences-invitees","status":"publish","type":"page","link":"https:\/\/www.didapro.org\/8\/conferences-invitees\/","title":{"rendered":"Conf\u00e9rences invit\u00e9es"},"content":{"rendered":"\n<p><strong><a href=\"https:\/\/www.didapro.org\/8\/conferences-invitees\/\">L\u2019informatique par les robots : objets d\u2019enseignements, objets d\u2019\u00e9panouissements, objets de plaisirs ?<\/a><\/strong><br>Thierry Karsenti, Chaire de recherche du Canada sur le num\u00e9rique en \u00e9ducation<br>Universit\u00e9 de Montr\u00e9al<br><a href=\"https:\/\/www.didapro.org\/8\/conferences-invitees\/\">\u2192 r\u00e9sum\u00e9, support de pr\u00e9sentation, vid\u00e9o<\/a><\/p>\n\n\n\n<p><a href=\"https:\/\/www.didapro.org\/8\/conferences-invitees\/ci-collet\/\"><strong>Genre et num\u00e9rique : pratiques \u00e9galitaires, dispositifs inclusifs<\/strong><\/a><br>Isabelle COLLET, Universit\u00e9 de Gen\u00e8ve<br>\u2192 <a href=\"https:\/\/www.didapro.org\/8\/conferences-invitees\/ci-collet\/\">r\u00e9sum\u00e9, support de pr\u00e9sentation, vid\u00e9o<\/a><\/p>\n\n\n\n<p><a href=\"http:\/\/ci-ro\"><strong>Pens\u00e9e informatique sur des activit\u00e9s de robotique p\u00e9dagogique et maker<\/strong><br><\/a>Margarida ROMERO, Directrice du Laboratoire d&rsquo;Innovation et Num\u00e9rique pour l&rsquo;Education (LINE), Directrice adjointe \u00e0 la recherche de l&rsquo;INSPE de Nice, Universit\u00e9 C\u00f4te d&rsquo;Azur.<br><a href=\"https:\/\/www.didapro.org\/8\/conferences-invitees\/ci-romero\/\">\u2192 r\u00e9sum\u00e9, support de pr\u00e9sentation, vid\u00e9o<\/a><\/p>\n\n\n\n<p><strong>Enseigner de l&rsquo;informatique sans ordinateur ?<\/strong><br>Marie DUFLOT-KREMER, informagicienne et enseignante-chercheuse en informatique \u00e0 l\u2019universit\u00e9 de Lorraine<br>\u2192 <a href=\"https:\/\/www.didapro.org\/8\/conferences-invitees\/ci-duflot-kremer\/\">r\u00e9sum\u00e9, support de pr\u00e9sentation, vid\u00e9o<\/a><\/p>\n\n\n\n<p><\/p>\n","protected":false},"excerpt":{"rendered":"<p>L\u2019informatique par les robots : objets d\u2019enseignements, objets d\u2019\u00e9panouissements, objets de plaisirs ?Thierry Karsenti, Chaire de recherche du Canada sur le num\u00e9rique en \u00e9ducationUniversit\u00e9 de Montr\u00e9al\u2192 r\u00e9sum\u00e9, support de pr\u00e9sentation, vid\u00e9o Genre et num\u00e9rique : pratiques \u00e9galitaires, dispositifs inclusifsIsabelle COLLET, Universit\u00e9 de Gen\u00e8ve\u2192 r\u00e9sum\u00e9, support de pr\u00e9sentation, vid\u00e9o Pens\u00e9e informatique sur des activit\u00e9s de robotique &hellip; <\/p>\n<p class=\"link-more\"><a href=\"https:\/\/www.didapro.org\/8\/conferences-invitees\/\" class=\"more-link\">Continuer la lecture<span class=\"screen-reader-text\"> de &laquo;&nbsp;Conf\u00e9rences invit\u00e9es&nbsp;&raquo;<\/span><\/a><\/p>\n","protected":false},"author":2,"featured_media":818,"parent":0,"menu_order":0,"comment_status":"closed","ping_status":"closed","template":"","meta":{"jetpack_post_was_ever_published":false,"footnotes":""},"class_list":["post-810","page","type-page","status-publish","has-post-thumbnail","hentry"],"jetpack_sharing_enabled":true,"jetpack_shortlink":"https:\/\/wp.me\/P8APBU-d4","jetpack-related-posts":[{"id":604,"url":"https:\/\/www.didapro.org\/8\/programme\/","url_meta":{"origin":810,"position":0},"title":"Programme","author":"jppellet","date":"27 octobre 2017","format":false,"excerpt":"conf\u00e9rences invit\u00e9es sessions articlessession postertable rondeateliers du mercredi apr\u00e8s-midi mercredi 5 f\u00e9vr. jeudi 6 f\u00e9vr. vendredi 7 f\u00e9vr. 8h309h00 accueil caf\u00e9 accueil caf\u00e9 8h309h00 accueil caf\u00e9 9h009h10 Ouverture DidaPro8 conf\u00e9rence invit\u00e9eMargarida ROMERO 9h0010h00 conf\u00e9rence invit\u00e9eMarie DUFLOT-KREMER 9h1010h20 conf\u00e9rence invit\u00e9eThierry KARSENTI pause 10h0010h30 pause 10h2010h50 pause sessions 1 et 2 10h3012h00\u2026","rel":"","context":"Article similaire","block_context":{"text":"Article similaire","link":""},"img":{"alt_text":"","src":"https:\/\/i0.wp.com\/www.didapro.org\/8\/wp-content\/uploads\/sites\/4\/2017\/10\/program_3.jpg?fit=1200%2C720&ssl=1&resize=350%2C200","width":350,"height":200,"srcset":"https:\/\/i0.wp.com\/www.didapro.org\/8\/wp-content\/uploads\/sites\/4\/2017\/10\/program_3.jpg?fit=1200%2C720&ssl=1&resize=350%2C200 1x, https:\/\/i0.wp.com\/www.didapro.org\/8\/wp-content\/uploads\/sites\/4\/2017\/10\/program_3.jpg?fit=1200%2C720&ssl=1&resize=525%2C300 1.5x, https:\/\/i0.wp.com\/www.didapro.org\/8\/wp-content\/uploads\/sites\/4\/2017\/10\/program_3.jpg?fit=1200%2C720&ssl=1&resize=700%2C400 2x, https:\/\/i0.wp.com\/www.didapro.org\/8\/wp-content\/uploads\/sites\/4\/2017\/10\/program_3.jpg?fit=1200%2C720&ssl=1&resize=1050%2C600 3x"},"classes":[]},{"id":353,"url":"https:\/\/www.didapro.org\/8\/","url_meta":{"origin":810,"position":1},"title":"Accueil","author":"admin","date":"7 ao\u00fbt 2016","format":false,"excerpt":"Didapro 8 \u2013 DidaSTIC L'informatique, objets d'enseignements - enjeux \u00e9pist\u00e9mologiques, didactique et de formation 5 \u2013 7 f\u00e9vrier 2020 Universit\u00e9 de Lille, France Depuis 1988, les colloques de didactique de l'informatique, puis le colloque Didapro \u2013 DidaSTIC explorent les th\u00e8mes autour de l\u2019enseignement et l\u2019apprentissage de l\u2019informatique. La prochaine \u00e9dition\u2026","rel":"","context":"Article similaire","block_context":{"text":"Article similaire","link":""},"img":{"alt_text":"","src":"","width":0,"height":0},"classes":[]},{"id":489,"url":"https:\/\/www.didapro.org\/8\/objectifs-et-themes\/","url_meta":{"origin":810,"position":2},"title":"Objectifs et th\u00e8mes","author":"7","date":"18 avril 2017","format":false,"excerpt":"La 8e \u00e9dition du colloque Didapro-DidaSTIC se tiendra en f\u00e9vrier 2020 \u00e0 l\u2019Universit\u00e9 de Lille, deux ans apr\u00e8s l\u2019\u00e9dition organis\u00e9e \u00e0 Lausanne. Ce colloque interrogera les apprentissages informatiques et leurs entours, que ce soit au niveau scolaire ou universitaire, ou encore en formation professionnelle et formation des adultes. Il se\u2026","rel":"","context":"Article similaire","block_context":{"text":"Article similaire","link":""},"img":{"alt_text":"","src":"","width":0,"height":0},"classes":[]}],"jetpack_likes_enabled":true,"_links":{"self":[{"href":"https:\/\/www.didapro.org\/8\/wp-json\/wp\/v2\/pages\/810","targetHints":{"allow":["GET"]}}],"collection":[{"href":"https:\/\/www.didapro.org\/8\/wp-json\/wp\/v2\/pages"}],"about":[{"href":"https:\/\/www.didapro.org\/8\/wp-json\/wp\/v2\/types\/page"}],"author":[{"embeddable":true,"href":"https:\/\/www.didapro.org\/8\/wp-json\/wp\/v2\/users\/2"}],"replies":[{"embeddable":true,"href":"https:\/\/www.didapro.org\/8\/wp-json\/wp\/v2\/comments?post=810"}],"version-history":[{"count":35,"href":"https:\/\/www.didapro.org\/8\/wp-json\/wp\/v2\/pages\/810\/revisions"}],"predecessor-version":[{"id":1188,"href":"https:\/\/www.didapro.org\/8\/wp-json\/wp\/v2\/pages\/810\/revisions\/1188"}],"wp:featuredmedia":[{"embeddable":true,"href":"https:\/\/www.didapro.org\/8\/wp-json\/wp\/v2\/media\/818"}],"wp:attachment":[{"href":"https:\/\/www.didapro.org\/8\/wp-json\/wp\/v2\/media?parent=810"}],"curies":[{"name":"wp","href":"https:\/\/api.w.org\/{rel}","templated":true}]}}