{"id":733,"date":"2018-01-15T23:43:23","date_gmt":"2018-01-15T22:43:23","guid":{"rendered":"https:\/\/www.didapro.org\/8abc\/?page_id=733"},"modified":"2019-11-19T14:02:13","modified_gmt":"2019-11-19T13:02:13","slug":"partenaires","status":"publish","type":"page","link":"https:\/\/www.didapro.org\/8\/partenaires\/","title":{"rendered":"Partenaires"},"content":{"rendered":"<p>Didapro 8 \u2013 DidaSTIC remercie les partenaires qui ont offert leur soutien \u00e0 la mise sur pied du colloque :<\/p>\n<ul>\n<li>Universit\u00e9 de Lille<\/li>\n<li>Laboratoire CIREL de l&rsquo;Universit\u00e9 de Lille<\/li>\n<li>Laboratoire CRIStAL de l&rsquo;Universit\u00e9 de Lille<\/li>\n<li>\u00c9SPE de la ComUE Lille Nord de France<\/li>\n<li>Acad\u00e9mie de Lille (\u00e0 confirmer)<\/li>\n<li>R\u00e9gion Hauts-de-France (\u00e0 confirmer)<\/li>\n<li>D\u00e9partement du Nord (\u00e0 confirmer)<\/li>\n<\/ul>\n","protected":false},"excerpt":{"rendered":"<p>Didapro 8 \u2013 DidaSTIC remercie les partenaires qui ont offert leur soutien \u00e0 la mise sur pied du colloque : Universit\u00e9 de Lille Laboratoire CIREL de l&rsquo;Universit\u00e9 de Lille Laboratoire CRIStAL de l&rsquo;Universit\u00e9 de Lille \u00c9SPE de la ComUE Lille Nord de France Acad\u00e9mie de Lille (\u00e0 confirmer) R\u00e9gion Hauts-de-France (\u00e0 confirmer) D\u00e9partement du Nord &hellip; <\/p>\n<p class=\"link-more\"><a href=\"https:\/\/www.didapro.org\/8\/partenaires\/\" class=\"more-link\">Continuer la lecture<span class=\"screen-reader-text\"> de &laquo;&nbsp;Partenaires&nbsp;&raquo;<\/span><\/a><\/p>\n","protected":false},"author":2,"featured_media":470,"parent":0,"menu_order":0,"comment_status":"closed","ping_status":"closed","template":"","meta":{"jetpack_post_was_ever_published":false,"footnotes":""},"class_list":["post-733","page","type-page","status-publish","has-post-thumbnail","hentry"],"jetpack_sharing_enabled":true,"jetpack_shortlink":"https:\/\/wp.me\/P8APBU-bP","jetpack-related-posts":[],"jetpack_likes_enabled":true,"_links":{"self":[{"href":"https:\/\/www.didapro.org\/8\/wp-json\/wp\/v2\/pages\/733","targetHints":{"allow":["GET"]}}],"collection":[{"href":"https:\/\/www.didapro.org\/8\/wp-json\/wp\/v2\/pages"}],"about":[{"href":"https:\/\/www.didapro.org\/8\/wp-json\/wp\/v2\/types\/page"}],"author":[{"embeddable":true,"href":"https:\/\/www.didapro.org\/8\/wp-json\/wp\/v2\/users\/2"}],"replies":[{"embeddable":true,"href":"https:\/\/www.didapro.org\/8\/wp-json\/wp\/v2\/comments?post=733"}],"version-history":[{"count":14,"href":"https:\/\/www.didapro.org\/8\/wp-json\/wp\/v2\/pages\/733\/revisions"}],"predecessor-version":[{"id":948,"href":"https:\/\/www.didapro.org\/8\/wp-json\/wp\/v2\/pages\/733\/revisions\/948"}],"wp:featuredmedia":[{"embeddable":true,"href":"https:\/\/www.didapro.org\/8\/wp-json\/wp\/v2\/media\/470"}],"wp:attachment":[{"href":"https:\/\/www.didapro.org\/8\/wp-json\/wp\/v2\/media?parent=733"}],"curies":[{"name":"wp","href":"https:\/\/api.w.org\/{rel}","templated":true}]}}