{"id":1174,"date":"2020-02-10T16:47:49","date_gmt":"2020-02-10T15:47:49","guid":{"rendered":"https:\/\/www.didapro.org\/8\/?page_id=1174"},"modified":"2020-06-08T18:15:15","modified_gmt":"2020-06-08T16:15:15","slug":"ci-romero","status":"publish","type":"page","link":"https:\/\/www.didapro.org\/8\/conferences-invitees\/ci-romero\/","title":{"rendered":"Pens\u00e9e informatique sur des activit\u00e9s de robotique p\u00e9dagogique et maker"},"content":{"rendered":"\n<p>Conf\u00e9rence invit\u00e9e. Jeudi 6 f\u00e9vrier 2020<\/p>\n\n\n\n<h2 class=\"wp-block-heading\">Pens\u00e9e informatique sur des activit\u00e9s de robotique p\u00e9dagogique et maker<\/h2>\n\n\n\n<p>Margarida ROMERO, Directrice du Laboratoire d\u2019Innovation et Num\u00e9rique  pour l\u2019Education (LINE), Directrice adjointe \u00e0 la recherche de  l\u2019INSPE de Nice, Universit\u00e9 C\u00f4te d\u2019Azur.<\/p>\n\n\n\n<p>La pens\u00e9e informatique a \u00e9t\u00e9 \u00e9valu\u00e9e au cours des derni\u00e8res ann\u00e9es  par le biais des tests centr\u00e9s sur des activit\u00e9s algorithmiques. Nous  pr\u00e9senterons les r\u00e9sultats actuels des \u00e9valuations de la pens\u00e9e  informatique r\u00e9alis\u00e9e avec des tests centr\u00e9s sur des activit\u00e9s  algorithmiques et ensuite nous proposerons d\u2019\u00e9largir le type d\u2019activit\u00e9s  par le biais desquelles \u00e9valuer la pens\u00e9e informatique afin de bien  prendre en consid\u00e9ration les connaissances li\u00e9es aux syst\u00e8mes  technologiques, de type \u00e9lectronique, informatique et robotique. Nous  pr\u00e9senterons des crit\u00e8res d\u2019\u00e9valuation de la pens\u00e9e informatique pouvant  \u00eatre mis en place par le biais d\u2019activit\u00e9s de robotique p\u00e9dagogique et  d\u2019apprentissage maker.<\/p>\n\n\n\n<div class=\"wp-block-file\"><a href=\"https:\/\/www.didapro.org\/8\/wp-content\/uploads\/sites\/4\/2020\/02\/didapro8-ci-romero.pdf\">support de pr\u00e9sentation<\/a><a href=\"https:\/\/www.didapro.org\/8\/wp-content\/uploads\/sites\/4\/2020\/02\/didapro8-ci-romero.pdf\" class=\"wp-block-file__button\" download>T\u00e9l\u00e9charger<\/a><\/div>\n\n\n\n\n\n\n\n<a href=\"https:\/\/webtv.univ-lille.fr\/video\/10763\/pensee-informatique-sur-des-activites-de-robotique-pedagogique-et-maker\">captation vid\u00e9o de la pr\u00e9sentation<\/a>\n","protected":false},"excerpt":{"rendered":"<p>Conf\u00e9rence invit\u00e9e. Jeudi 6 f\u00e9vrier 2020 Pens\u00e9e informatique sur des activit\u00e9s de robotique p\u00e9dagogique et maker Margarida ROMERO, Directrice du Laboratoire d\u2019Innovation et Num\u00e9rique pour l\u2019Education (LINE), Directrice adjointe \u00e0 la recherche de l\u2019INSPE de Nice, Universit\u00e9 C\u00f4te d\u2019Azur. La pens\u00e9e informatique a \u00e9t\u00e9 \u00e9valu\u00e9e au cours des derni\u00e8res ann\u00e9es par le biais des tests &hellip; <\/p>\n<p class=\"link-more\"><a href=\"https:\/\/www.didapro.org\/8\/conferences-invitees\/ci-romero\/\" class=\"more-link\">Continuer la lecture<span class=\"screen-reader-text\"> de &laquo;&nbsp;Pens\u00e9e informatique sur des activit\u00e9s de robotique p\u00e9dagogique et maker&nbsp;&raquo;<\/span><\/a><\/p>\n","protected":false},"author":6,"featured_media":0,"parent":810,"menu_order":3,"comment_status":"closed","ping_status":"closed","template":"","meta":{"jetpack_post_was_ever_published":false,"footnotes":""},"class_list":["post-1174","page","type-page","status-publish","hentry"],"jetpack_sharing_enabled":true,"jetpack_shortlink":"https:\/\/wp.me\/P8APBU-iW","jetpack-related-posts":[],"jetpack_likes_enabled":true,"_links":{"self":[{"href":"https:\/\/www.didapro.org\/8\/wp-json\/wp\/v2\/pages\/1174","targetHints":{"allow":["GET"]}}],"collection":[{"href":"https:\/\/www.didapro.org\/8\/wp-json\/wp\/v2\/pages"}],"about":[{"href":"https:\/\/www.didapro.org\/8\/wp-json\/wp\/v2\/types\/page"}],"author":[{"embeddable":true,"href":"https:\/\/www.didapro.org\/8\/wp-json\/wp\/v2\/users\/6"}],"replies":[{"embeddable":true,"href":"https:\/\/www.didapro.org\/8\/wp-json\/wp\/v2\/comments?post=1174"}],"version-history":[{"count":3,"href":"https:\/\/www.didapro.org\/8\/wp-json\/wp\/v2\/pages\/1174\/revisions"}],"predecessor-version":[{"id":1202,"href":"https:\/\/www.didapro.org\/8\/wp-json\/wp\/v2\/pages\/1174\/revisions\/1202"}],"up":[{"embeddable":true,"href":"https:\/\/www.didapro.org\/8\/wp-json\/wp\/v2\/pages\/810"}],"wp:attachment":[{"href":"https:\/\/www.didapro.org\/8\/wp-json\/wp\/v2\/media?parent=1174"}],"curies":[{"name":"wp","href":"https:\/\/api.w.org\/{rel}","templated":true}]}}