{"id":1165,"date":"2020-02-08T18:25:39","date_gmt":"2020-02-08T17:25:39","guid":{"rendered":"https:\/\/www.didapro.org\/8\/?page_id=1165"},"modified":"2020-06-08T18:13:36","modified_gmt":"2020-06-08T16:13:36","slug":"ci-collet","status":"publish","type":"page","link":"https:\/\/www.didapro.org\/8\/conferences-invitees\/ci-collet\/","title":{"rendered":"Genre et num\u00e9rique : pratiques \u00e9galitaires, dispositifs inclusifs"},"content":{"rendered":"\n<p>Conf\u00e9rence invit\u00e9e. Mercredi 6 f\u00e9vrier 2020.<\/p>\n\n\n\n<h2 class=\"wp-block-heading\">Genre et num\u00e9rique : pratiques \u00e9galitaires, dispositifs inclusifs<\/h2>\n\n\n\n<p>Isabelle COLLET, Universit\u00e9 de Gen\u00e8ve<\/p>\n\n\n\n<p>Le num\u00e9rique joue un r\u00f4le croissant dans l\u2019\u00e9volution de nos soci\u00e9t\u00e9s, mais les femmes sont largement sous-repr\u00e9sent\u00e9es dans ces m\u00e9tiers depuis plusieurs d\u00e9cennies. Pourtant, dans les ann\u00e9es 80, l\u2019informatique \u00e9tait un m\u00e9tier plut\u00f4t f\u00e9minis\u00e9, du moins, pour un m\u00e9tier technique. Aujourd\u2019hui, en ce qui concerne les m\u00e9tiers du num\u00e9rique, les femmes sont moins de 15% et moins de 10% dans les formations de type BTS \/ DUT.<br>La figure du geek sert souvent de bouc \u00e9missaire dans le sens o\u00f9 elle serait porteuse des repr\u00e9sentations qui am\u00e8neraient les femmes \u00e0 \u00ab s\u2019autocensurer \u00bb. Or, bien plus qu\u2019une autocensure, il s\u2019agit d\u2019une censure sociale (Blanchard, Orange, Pierrel, 2016) qui \u00e9carte les filles et les femmes des sciences et techniques, et plus particuli\u00e8rement du num\u00e9rique (Collet, 2019).<br>Face \u00e0 ce ph\u00e9nom\u00e8ne syst\u00e9mique, l\u2019\u00e9cole a \u00e9videmment un r\u00f4le \u00e0 jouer. Comment enseigner le num\u00e9rique d\u2019une mani\u00e8re \u00e9galitaire pour que filles et gar\u00e7ons d\u00e9veloppent des comp\u00e9tences ? Et commentpermettre \u00e0 chacun\u00b7e de se sentir libre de choisir des\u2019orienter vers cette discipline?<\/p>\n\n\n\n<p>Blanchard, M., Orange, S. &amp; Pierrel, A. (2016). Filles + sciences = une \u00e9quation insoluble ? Paris : Editions Rue d\u2019Ulm.<br>Collet, I. (2019). Les oubli\u00e9es du num\u00e9rique. Paris : Le Passeur.<\/p>\n\n\n\n<div class=\"wp-block-file\"><a href=\"https:\/\/www.didapro.org\/8\/wp-content\/uploads\/sites\/4\/2020\/02\/didapro8-ci-collet.pdf\">suppport de pr\u00e9sentation<\/a><a href=\"https:\/\/www.didapro.org\/8\/wp-content\/uploads\/sites\/4\/2020\/02\/didapro8-ci-collet.pdf\" class=\"wp-block-file__button\" download>T\u00e9l\u00e9charger<\/a><\/div>\n\n\n\n\n\n\n\n<a href=\"https:\/\/webtv.univ-lille.fr\/video\/10760\/genre-et-numerique-pratiques-egalitaires-dispositifs-inclusifs-\">captation vid\u00e9o de la pr\u00e9sentation<\/a>\n\n\n\n<p><\/p>\n","protected":false},"excerpt":{"rendered":"<p>Conf\u00e9rence invit\u00e9e. Mercredi 6 f\u00e9vrier 2020. Genre et num\u00e9rique : pratiques \u00e9galitaires, dispositifs inclusifs Isabelle COLLET, Universit\u00e9 de Gen\u00e8ve Le num\u00e9rique joue un r\u00f4le croissant dans l\u2019\u00e9volution de nos soci\u00e9t\u00e9s, mais les femmes sont largement sous-repr\u00e9sent\u00e9es dans ces m\u00e9tiers depuis plusieurs d\u00e9cennies. Pourtant, dans les ann\u00e9es 80, l\u2019informatique \u00e9tait un m\u00e9tier plut\u00f4t f\u00e9minis\u00e9, du moins, &hellip; <\/p>\n<p class=\"link-more\"><a href=\"https:\/\/www.didapro.org\/8\/conferences-invitees\/ci-collet\/\" class=\"more-link\">Continuer la lecture<span class=\"screen-reader-text\"> de &laquo;&nbsp;Genre et num\u00e9rique : pratiques \u00e9galitaires, dispositifs inclusifs&nbsp;&raquo;<\/span><\/a><\/p>\n","protected":false},"author":6,"featured_media":0,"parent":810,"menu_order":2,"comment_status":"closed","ping_status":"closed","template":"","meta":{"jetpack_post_was_ever_published":false,"footnotes":""},"class_list":["post-1165","page","type-page","status-publish","hentry"],"jetpack_sharing_enabled":true,"jetpack_shortlink":"https:\/\/wp.me\/P8APBU-iN","jetpack-related-posts":[],"jetpack_likes_enabled":true,"_links":{"self":[{"href":"https:\/\/www.didapro.org\/8\/wp-json\/wp\/v2\/pages\/1165","targetHints":{"allow":["GET"]}}],"collection":[{"href":"https:\/\/www.didapro.org\/8\/wp-json\/wp\/v2\/pages"}],"about":[{"href":"https:\/\/www.didapro.org\/8\/wp-json\/wp\/v2\/types\/page"}],"author":[{"embeddable":true,"href":"https:\/\/www.didapro.org\/8\/wp-json\/wp\/v2\/users\/6"}],"replies":[{"embeddable":true,"href":"https:\/\/www.didapro.org\/8\/wp-json\/wp\/v2\/comments?post=1165"}],"version-history":[{"count":6,"href":"https:\/\/www.didapro.org\/8\/wp-json\/wp\/v2\/pages\/1165\/revisions"}],"predecessor-version":[{"id":1199,"href":"https:\/\/www.didapro.org\/8\/wp-json\/wp\/v2\/pages\/1165\/revisions\/1199"}],"up":[{"embeddable":true,"href":"https:\/\/www.didapro.org\/8\/wp-json\/wp\/v2\/pages\/810"}],"wp:attachment":[{"href":"https:\/\/www.didapro.org\/8\/wp-json\/wp\/v2\/media?parent=1165"}],"curies":[{"name":"wp","href":"https:\/\/api.w.org\/{rel}","templated":true}]}}