{"id":931,"date":"2020-12-21T08:48:30","date_gmt":"2020-12-21T07:48:30","guid":{"rendered":"https:\/\/www.didapro.org\/7\/?page_id=931"},"modified":"2020-12-22T17:41:54","modified_gmt":"2020-12-22T16:41:54","slug":"posters","status":"publish","type":"page","link":"https:\/\/www.didapro.org\/7\/posters\/","title":{"rendered":"Posters"},"content":{"rendered":"\n<p><strong>Titre<\/strong>: <a href=\"https:\/\/hal.archives-ouvertes.fr\/DIDAPRO7\/hal-01753162\">AccessiBlock: propositions pour un environnement accessible et observable d&rsquo;apprentissage de la programmation pour l&rsquo;\u00e9cole \u00e9l\u00e9mentaire et le coll\u00e8ge (descriptif de poster)<\/a><br><strong><strong><strong>Auteur\u00b7e(\u00b7s)<\/strong><\/strong><\/strong>: Christophe Declercq<\/p>\n\n\n\n<p><strong><strong>Titre<\/strong><\/strong>: <a href=\"https:\/\/hal.archives-ouvertes.fr\/DIDAPRO7\/hal-01753165\">Utilisation de robots programmables aupr\u00e8s d&rsquo;enfants pr\u00e9sentant des troubles de l&rsquo;apprentissage associ\u00e9s \u00e0 des difficult\u00e9s psychomotrices : une exp\u00e9rimentation \u00e0 l&rsquo;\u00e9chelle microscopique (descriptif de poster)<\/a><br><strong><strong><strong>Auteur\u00b7e(\u00b7s)<\/strong><\/strong><\/strong>: Sylviane Jean-Charles, S\u00e9bastien Regis<\/p>\n\n\n\n<p><strong><strong>Titre<\/strong><\/strong>: <a href=\"https:\/\/hal.archives-ouvertes.fr\/DIDAPRO7\/hal-01753227\">\u00c9duquer en montrant l&rsquo;exemple: les filles qui\u2026 (descriptif de poster)<\/a><br><strong><strong><strong>Auteur\u00b7e(\u00b7s)<\/strong><\/strong><\/strong>: Malou Alleno, Cassandra Balland, Esther Bernard, N\u00e9n\u00e9 Ciss\u00e9, Morgane Coat, et al.<\/p>\n\n\n\n<p><strong><strong>Titre<\/strong><\/strong>: <a href=\"https:\/\/hal.archives-ouvertes.fr\/DIDAPRO7\/hal-01753157\">Une tentative pour une communaut\u00e9 d&rsquo;apprentissage humano-botique (descriptif de poster)<\/a><br><strong><strong><strong>Auteur\u00b7e(\u00b7s)<\/strong><\/strong><\/strong>: Vasileios Dagdilelis, Nicolaos Fachantidis, Sofia Pliasa, Dimitris Pnevmatikos, Panagiota Christodoulou<\/p>\n\n\n\n<p><strong><strong>Titre<\/strong><\/strong>: <a href=\"https:\/\/hal.archives-ouvertes.fr\/DIDAPRO7\/hal-01753185\">School-IT: une \u00abmallette num\u00e9rique\u00bb pour \u00e9duquer \u00e0 l&rsquo;informatique (descriptif de poster)<\/a><br><strong><strong><strong>Auteur\u00b7e(\u00b7s)<\/strong><\/strong><\/strong>: Anne Smal, Beno\u00eet Frenay, Julie Henry<\/p>\n\n\n\n<p><strong><strong>Titre<\/strong><\/strong>: <a href=\"https:\/\/hal.archives-ouvertes.fr\/DIDAPRO7\/hal-01753195\">Un apprentissage de la programmation d\u00e8s l&rsquo;\u00e9cole maternelle? Une \u00e9tude exploratoire en cycles 1 et 2 (descriptif de poster)<\/a><br><strong><strong><strong>Auteur\u00b7e(\u00b7s)<\/strong><\/strong><\/strong>: S\u00e9vastiani Touloupaki, Georges-Louis Baron, Vassilis Komis<\/p>\n\n\n\n<p><strong><strong>Titre<\/strong><\/strong>: <a href=\"https:\/\/hal.archives-ouvertes.fr\/DIDAPRO7\/hal-01753149\">Le jeu vid\u00e9o Minecraft en \u00e9ducation: quels impacts \u00e0 l\u2019\u00e9cole primaire? (descriptif de poster)<\/a><br><strong><strong><strong>Auteur\u00b7e(\u00b7s)<\/strong><\/strong><\/strong>: Julien Bugmann, Thierry Karsenti<\/p>\n\n\n\n<p><strong><strong>Titre<\/strong><\/strong>: <a href=\"https:\/\/hal.archives-ouvertes.fr\/DIDAPRO7\/hal-01753142\">Intelligence artificielle: comment l\u2019enseigner pour modifier la repr\u00e9sentation qu\u2019en ont les jeunes (descriptif de poster)<\/a><br><strong><strong><strong>Auteur\u00b7e(\u00b7s)<\/strong><\/strong><\/strong>: Brieuc Olivier, Anne Smal, Beno\u00eet Fr\u00e9nay, Julie Henry<\/p>\n\n\n\n<p><strong><strong>Titre<\/strong><\/strong>: <a href=\"https:\/\/hal.archives-ouvertes.fr\/DIDAPRO7\/hal-01753179\">Enseignement de l&rsquo;informatique au secondaire 2: institutionnalisation apr\u00e8s une s\u00e9quence de jeu Prog&amp;Play (descriptif de poster)<\/a><br><strong><strong><strong>Auteur\u00b7e(\u00b7s)<\/strong><\/strong><\/strong>: Maud Plumettaz-Sieber<\/p>\n\n\n\n<p><strong><strong>Titre<\/strong><\/strong>: <a href=\"https:\/\/hal.archives-ouvertes.fr\/DIDAPRO7\/hal-01753176\">La m\u00e9thode CAR: le codage pour toutes et tous (descriptif de poster)<\/a><br><strong><strong><strong>Auteur\u00b7e(\u00b7s)<\/strong><\/strong><\/strong>: Rupert Meurice de Dormale<\/p>\n","protected":false},"excerpt":{"rendered":"<p>Titre: AccessiBlock: propositions pour un environnement accessible et observable d&rsquo;apprentissage de la programmation pour l&rsquo;\u00e9cole \u00e9l\u00e9mentaire et le coll\u00e8ge (descriptif de poster)Auteur\u00b7e(\u00b7s): Christophe Declercq Titre: Utilisation de robots programmables aupr\u00e8s d&rsquo;enfants pr\u00e9sentant des troubles de l&rsquo;apprentissage associ\u00e9s \u00e0 des difficult\u00e9s psychomotrices : une exp\u00e9rimentation \u00e0 l&rsquo;\u00e9chelle microscopique (descriptif de poster)Auteur\u00b7e(\u00b7s): Sylviane Jean-Charles, S\u00e9bastien Regis Titre: &hellip; <\/p>\n<p class=\"link-more\"><a href=\"https:\/\/www.didapro.org\/7\/posters\/\" class=\"more-link\">Continuer la lecture<span class=\"screen-reader-text\"> de &laquo;&nbsp;Posters&nbsp;&raquo;<\/span><\/a><\/p>\n","protected":false},"author":11,"featured_media":0,"parent":0,"menu_order":0,"comment_status":"closed","ping_status":"closed","template":"","meta":{"jetpack_post_was_ever_published":false,"footnotes":""},"class_list":["post-931","page","type-page","status-publish","hentry"],"jetpack_sharing_enabled":true,"jetpack_shortlink":"https:\/\/wp.me\/P8APBU-f1","jetpack-related-posts":[{"id":878,"url":"https:\/\/www.didapro.org\/7\/articles\/","url_meta":{"origin":931,"position":0},"title":"Articles","author":"didaproupdate","date":"20 d\u00e9cembre 2020","format":false,"excerpt":"Titre: La formation des nouveaux \u00e9tudiants \u00e0 l\u2019usage des TIC: m\u00e9thode des invariants ou apprentissage des proc\u00e9dures?Auteur\u00b7e(\u00b7s): Sylvie Tissot, Mireille B\u00e9trancourt Titre: Former \u00e0 la programmation en primaire, une form\u2019action: Robots d\u2019Evian 2015\u20132018Auteur\u00b7e(\u00b7s): Fr\u00e9d\u00e9rique Chessel Lazzarotto Titre: Que signifie \u00e9duquer au num\u00e9rique? Pour une approche interdisciplinaireAuteur\u00b7e(\u00b7s): Julie Henry, Alyson Hernalesteen,\u2026","rel":"","context":"Article similaire","block_context":{"text":"Article similaire","link":""},"img":{"alt_text":"","src":"https:\/\/i0.wp.com\/www.didapro.org\/7\/wp-content\/uploads\/sites\/2\/2020\/12\/3aa3045a-2f2b-44ae-a8b6-3fe4ece85c72-scaled.jpg?fit=1200%2C831&ssl=1&resize=350%2C200","width":350,"height":200,"srcset":"https:\/\/i0.wp.com\/www.didapro.org\/7\/wp-content\/uploads\/sites\/2\/2020\/12\/3aa3045a-2f2b-44ae-a8b6-3fe4ece85c72-scaled.jpg?fit=1200%2C831&ssl=1&resize=350%2C200 1x, https:\/\/i0.wp.com\/www.didapro.org\/7\/wp-content\/uploads\/sites\/2\/2020\/12\/3aa3045a-2f2b-44ae-a8b6-3fe4ece85c72-scaled.jpg?fit=1200%2C831&ssl=1&resize=525%2C300 1.5x, https:\/\/i0.wp.com\/www.didapro.org\/7\/wp-content\/uploads\/sites\/2\/2020\/12\/3aa3045a-2f2b-44ae-a8b6-3fe4ece85c72-scaled.jpg?fit=1200%2C831&ssl=1&resize=700%2C400 2x, https:\/\/i0.wp.com\/www.didapro.org\/7\/wp-content\/uploads\/sites\/2\/2020\/12\/3aa3045a-2f2b-44ae-a8b6-3fe4ece85c72-scaled.jpg?fit=1200%2C831&ssl=1&resize=1050%2C600 3x"},"classes":[]},{"id":935,"url":"https:\/\/www.didapro.org\/7\/ateliers\/","url_meta":{"origin":931,"position":1},"title":"Ateliers","author":"didaproupdate","date":"21 d\u00e9cembre 2020","format":false,"excerpt":"Titre: Atelier ThymioAuteur\u00b7e(\u00b7s): Christophe Barraud, Vincent Becker, Evgeniia Bonnet, Morgane Chevalier Titre: Enseigner l'intelligence artificielle \u00e0 des jeunes adolescents \u00e0 travers l'informatique tangible: activit\u00e9 autour de la synth\u00e8se des \u00e9motionsAuteur\u00b7e(\u00b7s): Olivier Brieuc, Julie Henry, Anne Smal, Beno\u00eet Frenay Titre: Ch'ti code: m\u00e9diation en informatique avec des \u00e9tudiants de DUT et\u2026","rel":"","context":"Article similaire","block_context":{"text":"Article similaire","link":""},"img":{"alt_text":"","src":"","width":0,"height":0},"classes":[]},{"id":933,"url":"https:\/\/www.didapro.org\/7\/prix\/","url_meta":{"origin":931,"position":2},"title":"Prix","author":"didaproupdate","date":"21 d\u00e9cembre 2020","format":false,"excerpt":"Prix du meilleur articleProposition de structuration historique des concepts de la pens\u00e9e informatique fondamentaleAttribu\u00e9\u00a0\u00e0: Yannis Delmas-Rigoutsos Prix du meilleur article \u00e9tudiantUn apprentissage de la programmation d\u00e8s l\u2019\u00e9cole primaire: le concept de message sur ScratchJrAttribu\u00e9\u00a0\u00e0: S\u00e9vastiani Touloupaki Prix de la meilleure pr\u00e9sentationFormer \u00e0 la programmation en primaire, une form\u2019action: Robots d\u2019Evian\u2026","rel":"","context":"Article similaire","block_context":{"text":"Article similaire","link":""},"img":{"alt_text":"","src":"","width":0,"height":0},"classes":[]},{"id":507,"url":"https:\/\/www.didapro.org\/7\/contributions-dates\/","url_meta":{"origin":931,"position":3},"title":"Contributions et dates","author":"jppellet","date":"5 mai 2017","format":false,"excerpt":"Contributions Quatre types de contributions peuvent \u00eatre propos\u00e9s : article court (4-6 pages) article long (8-12 pages) proposition de poster proposition d'atelier Les contributions sont soumises via la plateforme EasyChair avant les dates sp\u00e9cifi\u00e9es\u00a0ci-dessous. Les contributions propos\u00e9es sont \u00e0 r\u00e9diger en fran\u00e7ais. Articles Le d\u00e9lai de d\u00e9p\u00f4t des articles est\u2026","rel":"","context":"Article similaire","block_context":{"text":"Article similaire","link":""},"img":{"alt_text":"","src":"https:\/\/i0.wp.com\/www.didapro.org\/7\/wp-content\/uploads\/sites\/2\/2017\/04\/header-didapro-1.jpg?fit=1200%2C720&ssl=1&resize=350%2C200","width":350,"height":200,"srcset":"https:\/\/i0.wp.com\/www.didapro.org\/7\/wp-content\/uploads\/sites\/2\/2017\/04\/header-didapro-1.jpg?fit=1200%2C720&ssl=1&resize=350%2C200 1x, https:\/\/i0.wp.com\/www.didapro.org\/7\/wp-content\/uploads\/sites\/2\/2017\/04\/header-didapro-1.jpg?fit=1200%2C720&ssl=1&resize=525%2C300 1.5x, https:\/\/i0.wp.com\/www.didapro.org\/7\/wp-content\/uploads\/sites\/2\/2017\/04\/header-didapro-1.jpg?fit=1200%2C720&ssl=1&resize=700%2C400 2x, https:\/\/i0.wp.com\/www.didapro.org\/7\/wp-content\/uploads\/sites\/2\/2017\/04\/header-didapro-1.jpg?fit=1200%2C720&ssl=1&resize=1050%2C600 3x"},"classes":[]},{"id":643,"url":"https:\/\/www.didapro.org\/7\/keynote-kalas\/","url_meta":{"origin":931,"position":4},"title":"Conf\u00e9rence invit\u00e9e d\u2019Ivan Kala\u0161","author":"jppellet","date":"29 novembre 2017","format":false,"excerpt":"La programmation \u00e0 l\u2019\u00e9cole primaire\u202f: de Papert \u00e0 la nouvelle informatique Ivan Kala\u0161 \u00a0 \u00a0 Cette conf\u00e9rence sera donn\u00e9e en anglais. Ces derni\u00e8res ann\u00e9es, nous avons \u00e9t\u00e9 t\u00e9moins d\u2019un regain d\u2019int\u00e9r\u00eat sans pr\u00e9c\u00e9dent pour la programmation \u00e9ducative, non seulement \u00e0 l\u2019\u00e9cole secondaire, mais aussi \u00e0 l\u2019\u00e9cole primaire et m\u00eame \u00e0\u2026","rel":"","context":"Article similaire","block_context":{"text":"Article similaire","link":""},"img":{"alt_text":"","src":"","width":0,"height":0},"classes":[]},{"id":646,"url":"https:\/\/www.didapro.org\/7\/keynote-bers\/","url_meta":{"origin":931,"position":5},"title":"Conf\u00e9rence invit\u00e9e de Marina Umaschi Bers","author":"jppellet","date":"29 novembre 2017","format":false,"excerpt":"La programmation en tant que place de jeu d\u00e9veloppementale\u202f: la pens\u00e9e informatique et la robotique dans la petite enfance Marina Umaschi Bers \u00a0 Marina Umaschi Bers est professeure au d\u00e9partement Eliot-Pearson de l\u2019\u00e9tude de l\u2019enfant et du d\u00e9veloppement humain et au d\u00e9partement d\u2019informatique de la Tufts University. Elle dirige le\u2026","rel":"","context":"Article similaire","block_context":{"text":"Article similaire","link":""},"img":{"alt_text":"","src":"","width":0,"height":0},"classes":[]}],"jetpack_likes_enabled":true,"_links":{"self":[{"href":"https:\/\/www.didapro.org\/7\/wp-json\/wp\/v2\/pages\/931","targetHints":{"allow":["GET"]}}],"collection":[{"href":"https:\/\/www.didapro.org\/7\/wp-json\/wp\/v2\/pages"}],"about":[{"href":"https:\/\/www.didapro.org\/7\/wp-json\/wp\/v2\/types\/page"}],"author":[{"embeddable":true,"href":"https:\/\/www.didapro.org\/7\/wp-json\/wp\/v2\/users\/11"}],"replies":[{"embeddable":true,"href":"https:\/\/www.didapro.org\/7\/wp-json\/wp\/v2\/comments?post=931"}],"version-history":[{"count":3,"href":"https:\/\/www.didapro.org\/7\/wp-json\/wp\/v2\/pages\/931\/revisions"}],"predecessor-version":[{"id":1017,"href":"https:\/\/www.didapro.org\/7\/wp-json\/wp\/v2\/pages\/931\/revisions\/1017"}],"wp:attachment":[{"href":"https:\/\/www.didapro.org\/7\/wp-json\/wp\/v2\/media?parent=931"}],"curies":[{"name":"wp","href":"https:\/\/api.w.org\/{rel}","templated":true}]}}