{"id":733,"date":"2018-01-15T23:43:23","date_gmt":"2018-01-15T22:43:23","guid":{"rendered":"https:\/\/www.didapro.org\/7\/?page_id=733"},"modified":"2018-01-19T02:55:56","modified_gmt":"2018-01-19T01:55:56","slug":"partenaires","status":"publish","type":"page","link":"https:\/\/www.didapro.org\/7\/partenaires\/","title":{"rendered":"Partenaires"},"content":{"rendered":"<p>Didapro 7 \u2013 DidaSTIC remercie les partenaires qui ont offert leur soutien \u00e0 la mise sur pied du colloque :<\/p>\n<ul class=\"sponsorlist\">\n<li>Association Universitaire Francophone (AUF)<br \/>\n<img data-recalc-dims=\"1\" loading=\"lazy\" decoding=\"async\" data-attachment-id=\"775\" data-permalink=\"https:\/\/www.didapro.org\/7\/partenaires\/logo_auf\/\" data-orig-file=\"https:\/\/i0.wp.com\/www.didapro.org\/7\/wp-content\/uploads\/sites\/2\/2018\/01\/Logo_AUF.jpg?fit=419%2C297&amp;ssl=1\" data-orig-size=\"419,297\" data-comments-opened=\"1\" data-image-meta=\"{&quot;aperture&quot;:&quot;0&quot;,&quot;credit&quot;:&quot;&quot;,&quot;camera&quot;:&quot;&quot;,&quot;caption&quot;:&quot;&quot;,&quot;created_timestamp&quot;:&quot;0&quot;,&quot;copyright&quot;:&quot;&quot;,&quot;focal_length&quot;:&quot;0&quot;,&quot;iso&quot;:&quot;0&quot;,&quot;shutter_speed&quot;:&quot;0&quot;,&quot;title&quot;:&quot;&quot;,&quot;orientation&quot;:&quot;1&quot;}\" data-image-title=\"Logo_AUF\" data-image-description=\"\" data-image-caption=\"\" data-large-file=\"https:\/\/i0.wp.com\/www.didapro.org\/7\/wp-content\/uploads\/sites\/2\/2018\/01\/Logo_AUF.jpg?fit=419%2C297&amp;ssl=1\" class=\"alignnone wp-image-775\" src=\"https:\/\/i0.wp.com\/www.didapro.org\/7\/wp-content\/uploads\/sites\/2\/2018\/01\/Logo_AUF.jpg?resize=141%2C100&#038;ssl=1\" alt=\"\" width=\"141\" height=\"100\" srcset=\"https:\/\/i0.wp.com\/www.didapro.org\/7\/wp-content\/uploads\/sites\/2\/2018\/01\/Logo_AUF.jpg?resize=300%2C213&amp;ssl=1 300w, https:\/\/i0.wp.com\/www.didapro.org\/7\/wp-content\/uploads\/sites\/2\/2018\/01\/Logo_AUF.jpg?w=419&amp;ssl=1 419w\" sizes=\"auto, (max-width: 141px) 100vw, 141px\" \/><\/li>\n<li>Centre de Comp\u00e9tences romand de Didactique Disciplinaire (2Cr2D)<br \/>\n<img data-recalc-dims=\"1\" loading=\"lazy\" decoding=\"async\" data-attachment-id=\"777\" data-permalink=\"https:\/\/www.didapro.org\/7\/partenaires\/logo-2cr2d\/\" data-orig-file=\"https:\/\/i0.wp.com\/www.didapro.org\/7\/wp-content\/uploads\/sites\/2\/2018\/01\/Logo-2Cr2D.png?fit=2893%2C1469&amp;ssl=1\" data-orig-size=\"2893,1469\" data-comments-opened=\"1\" data-image-meta=\"{&quot;aperture&quot;:&quot;0&quot;,&quot;credit&quot;:&quot;&quot;,&quot;camera&quot;:&quot;&quot;,&quot;caption&quot;:&quot;&quot;,&quot;created_timestamp&quot;:&quot;0&quot;,&quot;copyright&quot;:&quot;&quot;,&quot;focal_length&quot;:&quot;0&quot;,&quot;iso&quot;:&quot;0&quot;,&quot;shutter_speed&quot;:&quot;0&quot;,&quot;title&quot;:&quot;&quot;,&quot;orientation&quot;:&quot;0&quot;}\" data-image-title=\"Logo 2Cr2D\" data-image-description=\"\" data-image-caption=\"\" data-large-file=\"https:\/\/i0.wp.com\/www.didapro.org\/7\/wp-content\/uploads\/sites\/2\/2018\/01\/Logo-2Cr2D.png?fit=525%2C267&amp;ssl=1\" class=\"alignnone wp-image-777\" src=\"https:\/\/i0.wp.com\/www.didapro.org\/7\/wp-content\/uploads\/sites\/2\/2018\/01\/Logo-2Cr2D.png?resize=178%2C90&#038;ssl=1\" alt=\"\" width=\"178\" height=\"90\" srcset=\"https:\/\/i0.wp.com\/www.didapro.org\/7\/wp-content\/uploads\/sites\/2\/2018\/01\/Logo-2Cr2D.png?resize=300%2C152&amp;ssl=1 300w, https:\/\/i0.wp.com\/www.didapro.org\/7\/wp-content\/uploads\/sites\/2\/2018\/01\/Logo-2Cr2D.png?resize=768%2C390&amp;ssl=1 768w, https:\/\/i0.wp.com\/www.didapro.org\/7\/wp-content\/uploads\/sites\/2\/2018\/01\/Logo-2Cr2D.png?resize=1024%2C520&amp;ssl=1 1024w, https:\/\/i0.wp.com\/www.didapro.org\/7\/wp-content\/uploads\/sites\/2\/2018\/01\/Logo-2Cr2D.png?w=1575&amp;ssl=1 1575w\" sizes=\"auto, (max-width: 178px) 100vw, 178px\" \/><\/li>\n<li>Fondation Hasler<br \/>\n<img data-recalc-dims=\"1\" loading=\"lazy\" decoding=\"async\" data-attachment-id=\"746\" data-permalink=\"https:\/\/www.didapro.org\/7\/partenaires\/logohaslerstiftung_quer_tif\/\" data-orig-file=\"https:\/\/i0.wp.com\/www.didapro.org\/7\/wp-content\/uploads\/sites\/2\/2018\/01\/LogoHaslerStiftung_quer_TIF.png?fit=702%2C67&amp;ssl=1\" data-orig-size=\"702,67\" data-comments-opened=\"1\" data-image-meta=\"{&quot;aperture&quot;:&quot;0&quot;,&quot;credit&quot;:&quot;&quot;,&quot;camera&quot;:&quot;&quot;,&quot;caption&quot;:&quot;&quot;,&quot;created_timestamp&quot;:&quot;0&quot;,&quot;copyright&quot;:&quot;&quot;,&quot;focal_length&quot;:&quot;0&quot;,&quot;iso&quot;:&quot;0&quot;,&quot;shutter_speed&quot;:&quot;0&quot;,&quot;title&quot;:&quot;&quot;,&quot;orientation&quot;:&quot;0&quot;}\" data-image-title=\"LogoHaslerStiftung_quer_TIF\" data-image-description=\"\" data-image-caption=\"\" data-large-file=\"https:\/\/i0.wp.com\/www.didapro.org\/7\/wp-content\/uploads\/sites\/2\/2018\/01\/LogoHaslerStiftung_quer_TIF.png?fit=525%2C50&amp;ssl=1\" class=\"alignnone size-medium wp-image-746\" src=\"https:\/\/i0.wp.com\/www.didapro.org\/7\/wp-content\/uploads\/sites\/2\/2018\/01\/LogoHaslerStiftung_quer_TIF.png?resize=300%2C29&#038;ssl=1\" alt=\"\" width=\"300\" height=\"29\" srcset=\"https:\/\/i0.wp.com\/www.didapro.org\/7\/wp-content\/uploads\/sites\/2\/2018\/01\/LogoHaslerStiftung_quer_TIF.png?resize=300%2C29&amp;ssl=1 300w, https:\/\/i0.wp.com\/www.didapro.org\/7\/wp-content\/uploads\/sites\/2\/2018\/01\/LogoHaslerStiftung_quer_TIF.png?w=702&amp;ssl=1 702w\" sizes=\"auto, (max-width: 300px) 100vw, 300px\" \/><\/li>\n<li>Fonds national suisse de la recherche scientifique (FNS)<br \/>\n<img data-recalc-dims=\"1\" loading=\"lazy\" decoding=\"async\" data-attachment-id=\"743\" data-permalink=\"https:\/\/www.didapro.org\/7\/partenaires\/snf_rgb_f_pos\/\" data-orig-file=\"https:\/\/i0.wp.com\/www.didapro.org\/7\/wp-content\/uploads\/sites\/2\/2018\/01\/SNF_RGB_F_POS.png?fit=333%2C89&amp;ssl=1\" data-orig-size=\"333,89\" data-comments-opened=\"1\" data-image-meta=\"{&quot;aperture&quot;:&quot;0&quot;,&quot;credit&quot;:&quot;&quot;,&quot;camera&quot;:&quot;&quot;,&quot;caption&quot;:&quot;&quot;,&quot;created_timestamp&quot;:&quot;0&quot;,&quot;copyright&quot;:&quot;&quot;,&quot;focal_length&quot;:&quot;0&quot;,&quot;iso&quot;:&quot;0&quot;,&quot;shutter_speed&quot;:&quot;0&quot;,&quot;title&quot;:&quot;&quot;,&quot;orientation&quot;:&quot;0&quot;}\" data-image-title=\"SNF_RGB_F_POS\" data-image-description=\"\" data-image-caption=\"\" data-large-file=\"https:\/\/i0.wp.com\/www.didapro.org\/7\/wp-content\/uploads\/sites\/2\/2018\/01\/SNF_RGB_F_POS.png?fit=333%2C89&amp;ssl=1\" class=\"alignnone size-medium wp-image-743\" src=\"https:\/\/i0.wp.com\/www.didapro.org\/7\/wp-content\/uploads\/sites\/2\/2018\/01\/SNF_RGB_F_POS.png?resize=300%2C80&#038;ssl=1\" alt=\"\" width=\"300\" height=\"80\" srcset=\"https:\/\/i0.wp.com\/www.didapro.org\/7\/wp-content\/uploads\/sites\/2\/2018\/01\/SNF_RGB_F_POS.png?resize=300%2C80&amp;ssl=1 300w, https:\/\/i0.wp.com\/www.didapro.org\/7\/wp-content\/uploads\/sites\/2\/2018\/01\/SNF_RGB_F_POS.png?w=333&amp;ssl=1 333w\" sizes=\"auto, (max-width: 300px) 100vw, 300px\" \/><\/li>\n<li>Google<br \/>\n<img data-recalc-dims=\"1\" loading=\"lazy\" decoding=\"async\" data-attachment-id=\"744\" data-permalink=\"https:\/\/www.didapro.org\/7\/partenaires\/logo_lockup_for_education_color\/\" data-orig-file=\"https:\/\/i0.wp.com\/www.didapro.org\/7\/wp-content\/uploads\/sites\/2\/2018\/01\/logo_lockup_for_education_color.png?fit=1296%2C256&amp;ssl=1\" data-orig-size=\"1296,256\" data-comments-opened=\"1\" data-image-meta=\"{&quot;aperture&quot;:&quot;0&quot;,&quot;credit&quot;:&quot;&quot;,&quot;camera&quot;:&quot;&quot;,&quot;caption&quot;:&quot;&quot;,&quot;created_timestamp&quot;:&quot;0&quot;,&quot;copyright&quot;:&quot;&quot;,&quot;focal_length&quot;:&quot;0&quot;,&quot;iso&quot;:&quot;0&quot;,&quot;shutter_speed&quot;:&quot;0&quot;,&quot;title&quot;:&quot;&quot;,&quot;orientation&quot;:&quot;0&quot;}\" data-image-title=\"logo_lockup_for_education_color\" data-image-description=\"\" data-image-caption=\"\" data-large-file=\"https:\/\/i0.wp.com\/www.didapro.org\/7\/wp-content\/uploads\/sites\/2\/2018\/01\/logo_lockup_for_education_color.png?fit=525%2C104&amp;ssl=1\" class=\"size-medium wp-image-744 alignnone\" src=\"https:\/\/i0.wp.com\/www.didapro.org\/7\/wp-content\/uploads\/sites\/2\/2018\/01\/logo_lockup_for_education_color.png?resize=300%2C59&#038;ssl=1\" alt=\"\" width=\"300\" height=\"59\" srcset=\"https:\/\/i0.wp.com\/www.didapro.org\/7\/wp-content\/uploads\/sites\/2\/2018\/01\/logo_lockup_for_education_color.png?resize=300%2C59&amp;ssl=1 300w, https:\/\/i0.wp.com\/www.didapro.org\/7\/wp-content\/uploads\/sites\/2\/2018\/01\/logo_lockup_for_education_color.png?resize=768%2C152&amp;ssl=1 768w, https:\/\/i0.wp.com\/www.didapro.org\/7\/wp-content\/uploads\/sites\/2\/2018\/01\/logo_lockup_for_education_color.png?resize=1024%2C202&amp;ssl=1 1024w, https:\/\/i0.wp.com\/www.didapro.org\/7\/wp-content\/uploads\/sites\/2\/2018\/01\/logo_lockup_for_education_color.png?w=1296&amp;ssl=1 1296w\" sizes=\"auto, (max-width: 300px) 100vw, 300px\" \/><\/li>\n<li>Haute \u00e9cole p\u00e9dagogique Vaud<br \/>\n<img data-recalc-dims=\"1\" loading=\"lazy\" decoding=\"async\" data-attachment-id=\"755\" data-permalink=\"https:\/\/www.didapro.org\/7\/partenaires\/image-logo-bleu-noir-hep-vaud\/\" data-orig-file=\"https:\/\/i0.wp.com\/www.didapro.org\/7\/wp-content\/uploads\/sites\/2\/2018\/01\/image-logo-bleu-noir-hep-vaud.jpg?fit=514%2C161&amp;ssl=1\" data-orig-size=\"514,161\" data-comments-opened=\"1\" data-image-meta=\"{&quot;aperture&quot;:&quot;0&quot;,&quot;credit&quot;:&quot;&quot;,&quot;camera&quot;:&quot;&quot;,&quot;caption&quot;:&quot;&quot;,&quot;created_timestamp&quot;:&quot;0&quot;,&quot;copyright&quot;:&quot;&quot;,&quot;focal_length&quot;:&quot;0&quot;,&quot;iso&quot;:&quot;0&quot;,&quot;shutter_speed&quot;:&quot;0&quot;,&quot;title&quot;:&quot;&quot;,&quot;orientation&quot;:&quot;0&quot;}\" data-image-title=\"image-logo-bleu-noir-hep-vaud\" data-image-description=\"\" data-image-caption=\"\" data-large-file=\"https:\/\/i0.wp.com\/www.didapro.org\/7\/wp-content\/uploads\/sites\/2\/2018\/01\/image-logo-bleu-noir-hep-vaud.jpg?fit=514%2C161&amp;ssl=1\" class=\"alignnone wp-image-755\" src=\"https:\/\/i0.wp.com\/www.didapro.org\/7\/wp-content\/uploads\/sites\/2\/2018\/01\/image-logo-bleu-noir-hep-vaud.jpg?resize=271%2C85&#038;ssl=1\" alt=\"\" width=\"271\" height=\"85\" srcset=\"https:\/\/i0.wp.com\/www.didapro.org\/7\/wp-content\/uploads\/sites\/2\/2018\/01\/image-logo-bleu-noir-hep-vaud.jpg?resize=300%2C94&amp;ssl=1 300w, https:\/\/i0.wp.com\/www.didapro.org\/7\/wp-content\/uploads\/sites\/2\/2018\/01\/image-logo-bleu-noir-hep-vaud.jpg?w=514&amp;ssl=1 514w\" sizes=\"auto, (max-width: 271px) 100vw, 271px\" \/><\/li>\n<li>M\u00e9moire Vive (Apple Solution Expert \u00c9ducation)<br \/>\n<img data-recalc-dims=\"1\" loading=\"lazy\" decoding=\"async\" data-attachment-id=\"745\" data-permalink=\"https:\/\/www.didapro.org\/7\/partenaires\/logo_horizontal_claim\/\" data-orig-file=\"https:\/\/i0.wp.com\/www.didapro.org\/7\/wp-content\/uploads\/sites\/2\/2018\/01\/logo_horizontal_claim.png?fit=1477%2C239&amp;ssl=1\" data-orig-size=\"1477,239\" data-comments-opened=\"1\" data-image-meta=\"{&quot;aperture&quot;:&quot;0&quot;,&quot;credit&quot;:&quot;&quot;,&quot;camera&quot;:&quot;&quot;,&quot;caption&quot;:&quot;&quot;,&quot;created_timestamp&quot;:&quot;0&quot;,&quot;copyright&quot;:&quot;&quot;,&quot;focal_length&quot;:&quot;0&quot;,&quot;iso&quot;:&quot;0&quot;,&quot;shutter_speed&quot;:&quot;0&quot;,&quot;title&quot;:&quot;&quot;,&quot;orientation&quot;:&quot;0&quot;}\" data-image-title=\"logo_horizontal_claim\" data-image-description=\"\" data-image-caption=\"\" data-large-file=\"https:\/\/i0.wp.com\/www.didapro.org\/7\/wp-content\/uploads\/sites\/2\/2018\/01\/logo_horizontal_claim.png?fit=525%2C85&amp;ssl=1\" class=\"alignnone size-medium wp-image-745\" src=\"https:\/\/i0.wp.com\/www.didapro.org\/7\/wp-content\/uploads\/sites\/2\/2018\/01\/logo_horizontal_claim.png?resize=300%2C49&#038;ssl=1\" alt=\"\" width=\"300\" height=\"49\" srcset=\"https:\/\/i0.wp.com\/www.didapro.org\/7\/wp-content\/uploads\/sites\/2\/2018\/01\/logo_horizontal_claim.png?resize=300%2C49&amp;ssl=1 300w, https:\/\/i0.wp.com\/www.didapro.org\/7\/wp-content\/uploads\/sites\/2\/2018\/01\/logo_horizontal_claim.png?resize=768%2C124&amp;ssl=1 768w, https:\/\/i0.wp.com\/www.didapro.org\/7\/wp-content\/uploads\/sites\/2\/2018\/01\/logo_horizontal_claim.png?resize=1024%2C166&amp;ssl=1 1024w, https:\/\/i0.wp.com\/www.didapro.org\/7\/wp-content\/uploads\/sites\/2\/2018\/01\/logo_horizontal_claim.png?w=1477&amp;ssl=1 1477w\" sizes=\"auto, (max-width: 300px) 100vw, 300px\" \/><\/li>\n<\/ul>\n","protected":false},"excerpt":{"rendered":"<p>Didapro 7 \u2013 DidaSTIC remercie les partenaires qui ont offert leur soutien \u00e0 la mise sur pied du colloque : Association Universitaire Francophone (AUF) Centre de Comp\u00e9tences romand de Didactique Disciplinaire (2Cr2D) Fondation Hasler Fonds national suisse de la recherche scientifique (FNS) Google Haute \u00e9cole p\u00e9dagogique Vaud M\u00e9moire Vive (Apple Solution Expert \u00c9ducation)<\/p>\n","protected":false},"author":2,"featured_media":470,"parent":0,"menu_order":0,"comment_status":"closed","ping_status":"closed","template":"","meta":{"jetpack_post_was_ever_published":false,"footnotes":""},"class_list":["post-733","page","type-page","status-publish","has-post-thumbnail","hentry"],"jetpack_sharing_enabled":true,"jetpack_shortlink":"https:\/\/wp.me\/P8APBU-bP","jetpack-related-posts":[],"jetpack_likes_enabled":true,"_links":{"self":[{"href":"https:\/\/www.didapro.org\/7\/wp-json\/wp\/v2\/pages\/733","targetHints":{"allow":["GET"]}}],"collection":[{"href":"https:\/\/www.didapro.org\/7\/wp-json\/wp\/v2\/pages"}],"about":[{"href":"https:\/\/www.didapro.org\/7\/wp-json\/wp\/v2\/types\/page"}],"author":[{"embeddable":true,"href":"https:\/\/www.didapro.org\/7\/wp-json\/wp\/v2\/users\/2"}],"replies":[{"embeddable":true,"href":"https:\/\/www.didapro.org\/7\/wp-json\/wp\/v2\/comments?post=733"}],"version-history":[{"count":13,"href":"https:\/\/www.didapro.org\/7\/wp-json\/wp\/v2\/pages\/733\/revisions"}],"predecessor-version":[{"id":778,"href":"https:\/\/www.didapro.org\/7\/wp-json\/wp\/v2\/pages\/733\/revisions\/778"}],"wp:featuredmedia":[{"embeddable":true,"href":"https:\/\/www.didapro.org\/7\/wp-json\/wp\/v2\/media\/470"}],"wp:attachment":[{"href":"https:\/\/www.didapro.org\/7\/wp-json\/wp\/v2\/media?parent=733"}],"curies":[{"name":"wp","href":"https:\/\/api.w.org\/{rel}","templated":true}]}}