{"id":657,"date":"2017-11-29T14:41:57","date_gmt":"2017-11-29T13:41:57","guid":{"rendered":"https:\/\/www.didapro.org\/7\/?page_id=657"},"modified":"2017-11-29T14:44:53","modified_gmt":"2017-11-29T13:44:53","slug":"inscription","status":"publish","type":"page","link":"https:\/\/www.didapro.org\/7\/inscription\/","title":{"rendered":"Inscription"},"content":{"rendered":"<h4 style=\"text-align: center; margin-bottom: 50px;\"><a href=\"\/\/www.conftool.com\/hepvd-didastic2018\/\"><button class=\"bouton_inscription\">Inscription<\/button><\/a><\/h4>\n<h4>Prix des inscriptions<\/h4>\n<table>\n<tbody>\n<tr>\n<td>&nbsp;<\/td>\n<td style=\"text-align: center;\"><strong><span style=\"color: #000000;\">Journ\u00e9e des enseignant\u00b7e\u00b7s<sup>*<\/sup> uniquement<\/span><\/strong><\/td>\n<td style=\"text-align: center;\"><strong><span style=\"color: #000000;\">Colloque complet <em>sans<\/em> repas de gala <\/span><\/strong><\/td>\n<td style=\"text-align: center;\"><strong><span style=\"color: #000000;\">Colloque complet <em>avec<\/em> repas de gala<\/span><\/strong><\/td>\n<\/tr>\n<tr>\n<td><span style=\"color: #000000;\">Chercheur\u00b7e\u00b7s<\/span><\/td>\n<td style=\"text-align: center;\"><span style=\"color: #000000;\">\u2014<\/span><\/td>\n<td style=\"text-align: center;\"><span style=\"color: #000000;\">200 CHF<\/span><\/td>\n<td style=\"text-align: center;\"><span style=\"color: #000000;\">265 CHF<\/span><\/td>\n<\/tr>\n<tr>\n<td><span style=\"color: #000000;\">\u00c9tudiant\u00b7e\u00b7s et doctorat\u00b7e\u00b7s<\/span><\/td>\n<td style=\"text-align: center;\"><span style=\"color: #000000;\">\u2014<\/span><\/td>\n<td style=\"text-align: center;\"><span style=\"color: #000000;\">100 CHF<\/span><\/td>\n<td style=\"text-align: center;\"><span style=\"color: #000000;\">165 CHF<\/span><\/td>\n<\/tr>\n<tr>\n<td><span style=\"color: #000000;\">Enseignant\u00b7e\u00b7s du DFJC du canton de Vaud<\/span><\/td>\n<td style=\"text-align: center;\"><span style=\"color: #000000;\">40 CHF<\/span><\/td>\n<td style=\"text-align: center;\"><span style=\"color: #000000;\">120 CHF<\/span><\/td>\n<td style=\"text-align: center;\"><span style=\"color: #000000;\">185 CHF<\/span><\/td>\n<\/tr>\n<tr>\n<td><span style=\"color: #000000;\">Autres enseignant\u00b7e\u00b7s<\/span><\/td>\n<td style=\"text-align: center;\"><span style=\"color: #000000;\">100 CHF<\/span><\/td>\n<td style=\"text-align: center;\"><span style=\"color: #000000;\">200 CHF<\/span><\/td>\n<td style=\"text-align: center;\"><span style=\"color: #000000;\">265 CHF<\/span><\/td>\n<\/tr>\n<\/tbody>\n<\/table>\n<p><sup>*<\/sup> <em>La journ\u00e9e des enseignant\u00b7e\u00b7s se tient le premier jour du colloque, le mercredi 7 f\u00e9vrier.<\/em><\/p>\n","protected":false},"excerpt":{"rendered":"<p>Inscription Prix des inscriptions &nbsp; Journ\u00e9e des enseignant\u00b7e\u00b7s* uniquement Colloque complet sans repas de gala Colloque complet avec repas de gala Chercheur\u00b7e\u00b7s \u2014 200 CHF 265 CHF \u00c9tudiant\u00b7e\u00b7s et doctorat\u00b7e\u00b7s \u2014 100 CHF 165 CHF Enseignant\u00b7e\u00b7s du DFJC du canton de Vaud 40 CHF 120 CHF 185 CHF Autres enseignant\u00b7e\u00b7s 100 CHF 200 CHF 265 &hellip; <\/p>\n<p class=\"link-more\"><a href=\"https:\/\/www.didapro.org\/7\/inscription\/\" class=\"more-link\">Continuer la lecture<span class=\"screen-reader-text\"> de &laquo;&nbsp;Inscription&nbsp;&raquo;<\/span><\/a><\/p>\n","protected":false},"author":3,"featured_media":0,"parent":0,"menu_order":0,"comment_status":"closed","ping_status":"closed","template":"","meta":{"jetpack_post_was_ever_published":false,"footnotes":""},"class_list":["post-657","page","type-page","status-publish","hentry"],"jetpack_sharing_enabled":true,"jetpack_shortlink":"https:\/\/wp.me\/P8APBU-aB","jetpack-related-posts":[{"id":552,"url":"https:\/\/www.didapro.org\/7\/lieu-et-hebergement\/","url_meta":{"origin":657,"position":0},"title":"Lieu et h\u00e9bergement","author":"7","date":"24 ao\u00fbt 2017","format":false,"excerpt":"Lieu Le colloque se d\u00e9roule dans les locaux de la HEP Vaud \u00e0 Lausanne, plus particuli\u00e8rement dans son b\u00e2timent de l'Avenue des Bains 21. H\u00e9bergement Voici quelques offres qui ont \u00e9t\u00e9 n\u00e9goci\u00e9es avec des h\u00f4tels de la ville pour les participants de la conf\u00e9rence (annoncer le code Didapro) : Nom\u2026","rel":"","context":"Article similaire","block_context":{"text":"Article similaire","link":""},"img":{"alt_text":"","src":"https:\/\/i0.wp.com\/www.didapro.org\/7\/wp-content\/uploads\/sites\/2\/2017\/08\/hep-campus.jpg?fit=1200%2C720&ssl=1&resize=350%2C200","width":350,"height":200,"srcset":"https:\/\/i0.wp.com\/www.didapro.org\/7\/wp-content\/uploads\/sites\/2\/2017\/08\/hep-campus.jpg?fit=1200%2C720&ssl=1&resize=350%2C200 1x, https:\/\/i0.wp.com\/www.didapro.org\/7\/wp-content\/uploads\/sites\/2\/2017\/08\/hep-campus.jpg?fit=1200%2C720&ssl=1&resize=525%2C300 1.5x, https:\/\/i0.wp.com\/www.didapro.org\/7\/wp-content\/uploads\/sites\/2\/2017\/08\/hep-campus.jpg?fit=1200%2C720&ssl=1&resize=700%2C400 2x, https:\/\/i0.wp.com\/www.didapro.org\/7\/wp-content\/uploads\/sites\/2\/2017\/08\/hep-campus.jpg?fit=1200%2C720&ssl=1&resize=1050%2C600 3x"},"classes":[]},{"id":353,"url":"https:\/\/www.didapro.org\/7\/","url_meta":{"origin":657,"position":1},"title":"Accueil","author":"admin","date":"7 ao\u00fbt 2016","format":false,"excerpt":"Didapro 7 \u2013 DidaSTIC De 0 \u00e0 1 ou l\u2019heure de l\u2019informatique \u00e0 l\u2019\u00e9cole Colloque de didactique de l\u2019informatique 7 \u2013 9 f\u00e9vrier 2018 HEP Vaud, Lausanne Depuis 1988, les colloques de didactique de l'informatique, puis le colloque Didapro \u2013 DidaSTIC explorent les th\u00e8mes autour de l\u2019enseignement et l\u2019apprentissage de\u2026","rel":"","context":"Article similaire","block_context":{"text":"Article similaire","link":""},"img":{"alt_text":"","src":"","width":0,"height":0},"classes":[]},{"id":604,"url":"https:\/\/www.didapro.org\/7\/programme\/","url_meta":{"origin":657,"position":2},"title":"Programme","author":"jppellet","date":"27 octobre 2017","format":false,"excerpt":"Mercredi 7 f\u00e9vrier 2018 8h30 - 9h00Accueil9h00 - 9h30Salle B21-308Ouverture du colloque9h30 - 10h30Salle B21-308Conf\u00e9rence invit\u00e9ePens\u00e9e computationnelle: pour un n\u00e9opapertisme durable car sceptiquePierre Dillenbourg \u2013 Dans les actes: pp. 17 -19Lien vers la vid\u00e9o: https:\/\/vimeo.com\/25481175710h30 - 11h00PauseSalle B21-308Session de pr\u00e9sentationsVers l\u2019acquisition de savoirs informatiquesPr\u00e9sidence: Yannis Delmas-Rigoutsos11h00 - 11h30Concours Castor, ressource\u2026","rel":"","context":"Article similaire","block_context":{"text":"Article similaire","link":""},"img":{"alt_text":"","src":"https:\/\/i0.wp.com\/www.didapro.org\/7\/wp-content\/uploads\/sites\/2\/2017\/10\/program_3.jpg?fit=1200%2C720&ssl=1&resize=350%2C200","width":350,"height":200,"srcset":"https:\/\/i0.wp.com\/www.didapro.org\/7\/wp-content\/uploads\/sites\/2\/2017\/10\/program_3.jpg?fit=1200%2C720&ssl=1&resize=350%2C200 1x, https:\/\/i0.wp.com\/www.didapro.org\/7\/wp-content\/uploads\/sites\/2\/2017\/10\/program_3.jpg?fit=1200%2C720&ssl=1&resize=525%2C300 1.5x, https:\/\/i0.wp.com\/www.didapro.org\/7\/wp-content\/uploads\/sites\/2\/2017\/10\/program_3.jpg?fit=1200%2C720&ssl=1&resize=700%2C400 2x, https:\/\/i0.wp.com\/www.didapro.org\/7\/wp-content\/uploads\/sites\/2\/2017\/10\/program_3.jpg?fit=1200%2C720&ssl=1&resize=1050%2C600 3x"},"classes":[]},{"id":507,"url":"https:\/\/www.didapro.org\/7\/contributions-dates\/","url_meta":{"origin":657,"position":3},"title":"Contributions et dates","author":"jppellet","date":"5 mai 2017","format":false,"excerpt":"Contributions Quatre types de contributions peuvent \u00eatre propos\u00e9s : article court (4-6 pages) article long (8-12 pages) proposition de poster proposition d'atelier Les contributions sont soumises via la plateforme EasyChair avant les dates sp\u00e9cifi\u00e9es\u00a0ci-dessous. Les contributions propos\u00e9es sont \u00e0 r\u00e9diger en fran\u00e7ais. Articles Le d\u00e9lai de d\u00e9p\u00f4t des articles est\u2026","rel":"","context":"Article similaire","block_context":{"text":"Article similaire","link":""},"img":{"alt_text":"","src":"https:\/\/i0.wp.com\/www.didapro.org\/7\/wp-content\/uploads\/sites\/2\/2017\/04\/header-didapro-1.jpg?fit=1200%2C720&ssl=1&resize=350%2C200","width":350,"height":200,"srcset":"https:\/\/i0.wp.com\/www.didapro.org\/7\/wp-content\/uploads\/sites\/2\/2017\/04\/header-didapro-1.jpg?fit=1200%2C720&ssl=1&resize=350%2C200 1x, https:\/\/i0.wp.com\/www.didapro.org\/7\/wp-content\/uploads\/sites\/2\/2017\/04\/header-didapro-1.jpg?fit=1200%2C720&ssl=1&resize=525%2C300 1.5x, https:\/\/i0.wp.com\/www.didapro.org\/7\/wp-content\/uploads\/sites\/2\/2017\/04\/header-didapro-1.jpg?fit=1200%2C720&ssl=1&resize=700%2C400 2x, https:\/\/i0.wp.com\/www.didapro.org\/7\/wp-content\/uploads\/sites\/2\/2017\/04\/header-didapro-1.jpg?fit=1200%2C720&ssl=1&resize=1050%2C600 3x"},"classes":[]},{"id":733,"url":"https:\/\/www.didapro.org\/7\/partenaires\/","url_meta":{"origin":657,"position":4},"title":"Partenaires","author":"7","date":"15 janvier 2018","format":false,"excerpt":"Didapro 7 \u2013 DidaSTIC remercie les partenaires qui ont offert leur soutien \u00e0 la mise sur pied du colloque : Association Universitaire Francophone (AUF) Centre de Comp\u00e9tences romand de Didactique Disciplinaire (2Cr2D) Fondation Hasler Fonds national suisse de la recherche scientifique (FNS) Google Haute \u00e9cole p\u00e9dagogique Vaud M\u00e9moire Vive (Apple\u2026","rel":"","context":"Article similaire","block_context":{"text":"Article similaire","link":""},"img":{"alt_text":"","src":"https:\/\/i0.wp.com\/www.didapro.org\/7\/wp-content\/uploads\/sites\/2\/2017\/04\/header-conference.jpg?fit=1200%2C720&ssl=1&resize=350%2C200","width":350,"height":200,"srcset":"https:\/\/i0.wp.com\/www.didapro.org\/7\/wp-content\/uploads\/sites\/2\/2017\/04\/header-conference.jpg?fit=1200%2C720&ssl=1&resize=350%2C200 1x, https:\/\/i0.wp.com\/www.didapro.org\/7\/wp-content\/uploads\/sites\/2\/2017\/04\/header-conference.jpg?fit=1200%2C720&ssl=1&resize=525%2C300 1.5x, https:\/\/i0.wp.com\/www.didapro.org\/7\/wp-content\/uploads\/sites\/2\/2017\/04\/header-conference.jpg?fit=1200%2C720&ssl=1&resize=700%2C400 2x, https:\/\/i0.wp.com\/www.didapro.org\/7\/wp-content\/uploads\/sites\/2\/2017\/04\/header-conference.jpg?fit=1200%2C720&ssl=1&resize=1050%2C600 3x"},"classes":[]},{"id":476,"url":"https:\/\/www.didapro.org\/7\/comites\/","url_meta":{"origin":657,"position":5},"title":"Comit\u00e9s","author":"7","date":"14 avril 2017","format":false,"excerpt":"Co-pr\u00e9sidents du colloque Georges-Louis Baron (Sorbonne Paris Cit\u00e9, Universit\u00e9 Paris Descartes, Laboratoire EDA [EA 4071]) Eric Bruillard (ENS\u00a0Paris-Saclay) Gabriel Parriaux (HEP Vaud) Comit\u00e9 d'organisation Georges-Louis Baron (Sorbonne Paris Cit\u00e9, Universit\u00e9 Paris Descartes, Laboratoire EDA [EA 4071]) Eric Bruillard (ENS\u00a0Paris-Saclay) Vassilis Komis (Universit\u00e9 de Patras) Morgane Chevalier\u00a0(HEP Vaud) Jean-Philippe Pellet\u00a0(HEP Vaud)\u2026","rel":"","context":"Article similaire","block_context":{"text":"Article similaire","link":""},"img":{"alt_text":"","src":"https:\/\/i0.wp.com\/www.didapro.org\/7\/wp-content\/uploads\/sites\/2\/2017\/04\/header-didapro6.jpg?fit=1200%2C720&ssl=1&resize=350%2C200","width":350,"height":200,"srcset":"https:\/\/i0.wp.com\/www.didapro.org\/7\/wp-content\/uploads\/sites\/2\/2017\/04\/header-didapro6.jpg?fit=1200%2C720&ssl=1&resize=350%2C200 1x, https:\/\/i0.wp.com\/www.didapro.org\/7\/wp-content\/uploads\/sites\/2\/2017\/04\/header-didapro6.jpg?fit=1200%2C720&ssl=1&resize=525%2C300 1.5x, https:\/\/i0.wp.com\/www.didapro.org\/7\/wp-content\/uploads\/sites\/2\/2017\/04\/header-didapro6.jpg?fit=1200%2C720&ssl=1&resize=700%2C400 2x, https:\/\/i0.wp.com\/www.didapro.org\/7\/wp-content\/uploads\/sites\/2\/2017\/04\/header-didapro6.jpg?fit=1200%2C720&ssl=1&resize=1050%2C600 3x"},"classes":[]}],"jetpack_likes_enabled":true,"_links":{"self":[{"href":"https:\/\/www.didapro.org\/7\/wp-json\/wp\/v2\/pages\/657","targetHints":{"allow":["GET"]}}],"collection":[{"href":"https:\/\/www.didapro.org\/7\/wp-json\/wp\/v2\/pages"}],"about":[{"href":"https:\/\/www.didapro.org\/7\/wp-json\/wp\/v2\/types\/page"}],"author":[{"embeddable":true,"href":"https:\/\/www.didapro.org\/7\/wp-json\/wp\/v2\/users\/3"}],"replies":[{"embeddable":true,"href":"https:\/\/www.didapro.org\/7\/wp-json\/wp\/v2\/comments?post=657"}],"version-history":[{"count":3,"href":"https:\/\/www.didapro.org\/7\/wp-json\/wp\/v2\/pages\/657\/revisions"}],"predecessor-version":[{"id":666,"href":"https:\/\/www.didapro.org\/7\/wp-json\/wp\/v2\/pages\/657\/revisions\/666"}],"wp:attachment":[{"href":"https:\/\/www.didapro.org\/7\/wp-json\/wp\/v2\/media?parent=657"}],"curies":[{"name":"wp","href":"https:\/\/api.w.org\/{rel}","templated":true}]}}