{"id":454,"date":"2017-04-06T11:26:09","date_gmt":"2017-04-06T09:26:09","guid":{"rendered":"https:\/\/www.didapro.org\/7\/?page_id=454"},"modified":"2020-12-10T10:07:00","modified_gmt":"2020-12-10T09:07:00","slug":"restez-informes","status":"publish","type":"page","link":"https:\/\/www.didapro.org\/7\/restez-informes\/","title":{"rendered":"Restez inform\u00e9\u00b7e\u00b7s"},"content":{"rendered":"<p><a href=\"https:\/\/twitter.com\/didapro_org\" class=\"twitter-follow-button\" data-size=\"large\" data-lang=\"fr\" data-show-count=\"false\">Suivre @didapro_org<\/a><\/p>\n<p><a class=\"twitter-timeline\" href=\"https:\/\/twitter.com\/didapro_org\" data-lang=\"fr\" data-theme=\"light\">Tweets de didapro_org<\/a><\/p>\n","protected":false},"excerpt":{"rendered":"<p>Suivre @didapro_org Tweets de didapro_org<\/p>\n","protected":false},"author":2,"featured_media":470,"parent":0,"menu_order":0,"comment_status":"closed","ping_status":"closed","template":"","meta":{"jetpack_post_was_ever_published":false,"footnotes":""},"class_list":["post-454","page","type-page","status-publish","has-post-thumbnail","hentry"],"jetpack_sharing_enabled":true,"jetpack_shortlink":"https:\/\/wp.me\/P8APBU-7k","jetpack-related-posts":[{"id":646,"url":"https:\/\/www.didapro.org\/7\/keynote-bers\/","url_meta":{"origin":454,"position":0},"title":"Conf\u00e9rence invit\u00e9e de Marina Umaschi Bers","author":"jppellet","date":"29 novembre 2017","format":false,"excerpt":"La programmation en tant que place de jeu d\u00e9veloppementale\u202f: la pens\u00e9e informatique et la robotique dans la petite enfance Marina Umaschi Bers \u00a0 Marina Umaschi Bers est professeure au d\u00e9partement Eliot-Pearson de l\u2019\u00e9tude de l\u2019enfant et du d\u00e9veloppement humain et au d\u00e9partement d\u2019informatique de la Tufts University. Elle dirige le\u2026","rel":"","context":"Article similaire","block_context":{"text":"Article similaire","link":""},"img":{"alt_text":"","src":"","width":0,"height":0},"classes":[]},{"id":633,"url":"https:\/\/www.didapro.org\/7\/keynote-dillenbourg\/","url_meta":{"origin":454,"position":1},"title":"Conf\u00e9rence invit\u00e9e de Pierre Dillenbourg","author":"jppellet","date":"14 novembre 2017","format":false,"excerpt":"Pens\u00e9e computationnelle: pour un n\u00e9opapertisme durable car sceptique Pierre Dillenbourg \u00a0 \u00abOn a vu souvent rejaillir le feu d\u2019un ancien volcan qu\u2019on croyait trop vieux\u00bb chantait le Grand Jacques. L\u2019int\u00e9r\u00eat actuel pour la pens\u00e9e computationnelle n\u2019a-t-il pas un go\u00fbt de d\u00e9j\u00e0 vu pour ceux qui ont connu les ann\u00e9es Logo?\u2026","rel":"","context":"Article similaire","block_context":{"text":"Article similaire","link":""},"img":{"alt_text":"","src":"","width":0,"height":0},"classes":[]},{"id":489,"url":"https:\/\/www.didapro.org\/7\/objectifs-et-themes\/","url_meta":{"origin":454,"position":2},"title":"Objectifs et th\u00e8mes","author":"7","date":"18 avril 2017","format":false,"excerpt":"Chacun\u00b7e s\u2019accorde aujourd\u2019hui sur la place pr\u00e9\u00e9minente qu\u2019occupent l\u2019informatique et les r\u00e9alisations qui en d\u00e9coulent dans nos soci\u00e9t\u00e9s. Pratiquement tous les domaines de l\u2019activit\u00e9 humaine ont \u00e9t\u00e9 profond\u00e9ment impact\u00e9s, transform\u00e9s, remodel\u00e9s par cette science et ses d\u00e9veloppements. Pour autant, l\u2019informatique en tant que discipline d\u2019enseignement reste jeune. Sa place dans\u2026","rel":"","context":"Article similaire","block_context":{"text":"Article similaire","link":""},"img":{"alt_text":"","src":"","width":0,"height":0},"classes":[]},{"id":353,"url":"https:\/\/www.didapro.org\/7\/","url_meta":{"origin":454,"position":3},"title":"Accueil","author":"admin","date":"7 ao\u00fbt 2016","format":false,"excerpt":"Didapro 7 \u2013 DidaSTIC De 0 \u00e0 1 ou l\u2019heure de l\u2019informatique \u00e0 l\u2019\u00e9cole Colloque de didactique de l\u2019informatique 7 \u2013 9 f\u00e9vrier 2018 HEP Vaud, Lausanne Depuis 1988, les colloques de didactique de l'informatique, puis le colloque Didapro \u2013 DidaSTIC explorent les th\u00e8mes autour de l\u2019enseignement et l\u2019apprentissage de\u2026","rel":"","context":"Article similaire","block_context":{"text":"Article similaire","link":""},"img":{"alt_text":"","src":"","width":0,"height":0},"classes":[]},{"id":476,"url":"https:\/\/www.didapro.org\/7\/comites\/","url_meta":{"origin":454,"position":4},"title":"Comit\u00e9s","author":"7","date":"14 avril 2017","format":false,"excerpt":"Co-pr\u00e9sidents du colloque Georges-Louis Baron (Sorbonne Paris Cit\u00e9, Universit\u00e9 Paris Descartes, Laboratoire EDA [EA 4071]) Eric Bruillard (ENS\u00a0Paris-Saclay) Gabriel Parriaux (HEP Vaud) Comit\u00e9 d'organisation Georges-Louis Baron (Sorbonne Paris Cit\u00e9, Universit\u00e9 Paris Descartes, Laboratoire EDA [EA 4071]) Eric Bruillard (ENS\u00a0Paris-Saclay) Vassilis Komis (Universit\u00e9 de Patras) Morgane Chevalier\u00a0(HEP Vaud) Jean-Philippe Pellet\u00a0(HEP Vaud)\u2026","rel":"","context":"Article similaire","block_context":{"text":"Article similaire","link":""},"img":{"alt_text":"","src":"https:\/\/i0.wp.com\/www.didapro.org\/7\/wp-content\/uploads\/sites\/2\/2017\/04\/header-didapro6.jpg?fit=1200%2C720&ssl=1&resize=350%2C200","width":350,"height":200,"srcset":"https:\/\/i0.wp.com\/www.didapro.org\/7\/wp-content\/uploads\/sites\/2\/2017\/04\/header-didapro6.jpg?fit=1200%2C720&ssl=1&resize=350%2C200 1x, https:\/\/i0.wp.com\/www.didapro.org\/7\/wp-content\/uploads\/sites\/2\/2017\/04\/header-didapro6.jpg?fit=1200%2C720&ssl=1&resize=525%2C300 1.5x, https:\/\/i0.wp.com\/www.didapro.org\/7\/wp-content\/uploads\/sites\/2\/2017\/04\/header-didapro6.jpg?fit=1200%2C720&ssl=1&resize=700%2C400 2x, https:\/\/i0.wp.com\/www.didapro.org\/7\/wp-content\/uploads\/sites\/2\/2017\/04\/header-didapro6.jpg?fit=1200%2C720&ssl=1&resize=1050%2C600 3x"},"classes":[]},{"id":931,"url":"https:\/\/www.didapro.org\/7\/posters\/","url_meta":{"origin":454,"position":5},"title":"Posters","author":"didaproupdate","date":"21 d\u00e9cembre 2020","format":false,"excerpt":"Titre: AccessiBlock: propositions pour un environnement accessible et observable d'apprentissage de la programmation pour l'\u00e9cole \u00e9l\u00e9mentaire et le coll\u00e8ge (descriptif de poster)Auteur\u00b7e(\u00b7s): Christophe Declercq Titre: Utilisation de robots programmables aupr\u00e8s d'enfants pr\u00e9sentant des troubles de l'apprentissage associ\u00e9s \u00e0 des difficult\u00e9s psychomotrices : une exp\u00e9rimentation \u00e0 l'\u00e9chelle microscopique (descriptif de poster)Auteur\u00b7e(\u00b7s):\u2026","rel":"","context":"Article similaire","block_context":{"text":"Article similaire","link":""},"img":{"alt_text":"","src":"","width":0,"height":0},"classes":[]}],"jetpack_likes_enabled":true,"_links":{"self":[{"href":"https:\/\/www.didapro.org\/7\/wp-json\/wp\/v2\/pages\/454","targetHints":{"allow":["GET"]}}],"collection":[{"href":"https:\/\/www.didapro.org\/7\/wp-json\/wp\/v2\/pages"}],"about":[{"href":"https:\/\/www.didapro.org\/7\/wp-json\/wp\/v2\/types\/page"}],"author":[{"embeddable":true,"href":"https:\/\/www.didapro.org\/7\/wp-json\/wp\/v2\/users\/2"}],"replies":[{"embeddable":true,"href":"https:\/\/www.didapro.org\/7\/wp-json\/wp\/v2\/comments?post=454"}],"version-history":[{"count":11,"href":"https:\/\/www.didapro.org\/7\/wp-json\/wp\/v2\/pages\/454\/revisions"}],"predecessor-version":[{"id":875,"href":"https:\/\/www.didapro.org\/7\/wp-json\/wp\/v2\/pages\/454\/revisions\/875"}],"wp:featuredmedia":[{"embeddable":true,"href":"https:\/\/www.didapro.org\/7\/wp-json\/wp\/v2\/media\/470"}],"wp:attachment":[{"href":"https:\/\/www.didapro.org\/7\/wp-json\/wp\/v2\/media?parent=454"}],"curies":[{"name":"wp","href":"https:\/\/api.w.org\/{rel}","templated":true}]}}