{"id":353,"date":"2016-08-07T06:48:04","date_gmt":"2016-08-07T06:48:04","guid":{"rendered":"http:\/\/localhost\/wordpress\/event\/?page_id=4"},"modified":"2017-11-29T14:41:41","modified_gmt":"2017-11-29T13:41:41","slug":"home","status":"publish","type":"page","link":"https:\/\/www.didapro.org\/7\/","title":{"rendered":"Accueil"},"content":{"rendered":"<h4 style=\"text-align: center;\">Didapro 7 \u2013 DidaSTIC<br \/>\nDe 0 \u00e0 1 ou l\u2019heure de l\u2019informatique \u00e0 l\u2019\u00e9cole<br \/>\nColloque de didactique de l\u2019informatique<\/h4>\n<h4 style=\"text-align: center;\"><a href=\"\/\/didapro.org\/docs\/didapro7.ics\">7 \u2013 9 f\u00e9vrier 2018<\/a><\/h4>\n<h4 style=\"text-align: center;\">HEP Vaud, Lausanne<\/h4>\n<p>Depuis 1988, les colloques de didactique de l&rsquo;informatique, puis le colloque Didapro \u2013 DidaSTIC explorent les th\u00e8mes autour de l\u2019enseignement et l\u2019apprentissage de l\u2019informatique. La prochaine \u00e9dition aura lieu \u00e0 la Haute \u00e9cole p\u00e9dagogique du canton de Vaud, \u00e0 Lausanne, du 7 au 9 f\u00e9vrier 2018. Pour l\u2019occasion, les th\u00e9matiques principales suivantes serviront de lignes directrices:<\/p>\n<ul>\n<li><b>Informatique : d\u00e9finition de l\u2019objet<\/b><\/li>\n<li><b>Politiques \u00e9ducatives, cursus scolaires et curricula en informatique<\/b><\/li>\n<li><b>Quel\u00b7le\u00b7s enseignant\u00b7e\u00b7s pour quelle informatique ?<\/b><\/li>\n<li><b>Dispositifs pour l\u2019enseignement de l\u2019informatique<\/b>&nbsp;<\/li>\n<\/ul>\n<p>Le colloque se d\u00e9roule sur trois jours, du 7 au 9 f\u00e9vrier 2018. Le colloque est ouvert non seulement aux chercheurs\/euses, mais \u00e9galement \u00e0 tous les enseignant\u00b7e\u00b7s int\u00e9ress\u00e9\u00b7e\u00b7s par les th\u00e9matiques du colloque. Plus particuli\u00e8rement, la premi\u00e8re journ\u00e9e (mercredi 7 f\u00e9vrier 2018) associera aux conf\u00e9rences scientifiques qui se d\u00e9rouleront le matin une s\u00e9rie d\u2019ateliers l&rsquo;apr\u00e8s-midi focalis\u00e9s sur des probl\u00e9matiques plus sp\u00e9cifiques aux niveaux de l\u2019\u00e9cole et du gymnase\/lyc\u00e9e. Cette journ\u00e9e sera reconnue comme journ\u00e9e de formation continue pour les enseignant\u00b7e\u00b7s du canton de Vaud. Pour les enseignant\u00b7e\u00b7s d&rsquo;informatique du secondaire II, cette journ\u00e9e constituera la traditionnelle journ\u00e9e d&rsquo;\u00e9changes des enseignant\u00b7e\u00b7s d&rsquo;informatique romands.<\/p>\n<p style=\"text-align: center;\"><a href=\"https:\/\/www.didapro.org\/7\/objectifs-et-themes\/\"><button id=\"en_savoir_plus\" class=\"bouton_arrondi\">En savoir plus&#8230;<\/button><\/a><\/p>\n","protected":false},"excerpt":{"rendered":"<p>Didapro 7 \u2013 DidaSTIC De 0 \u00e0 1 ou l\u2019heure de l\u2019informatique \u00e0 l\u2019\u00e9cole Colloque de didactique de l\u2019informatique 7 \u2013 9 f\u00e9vrier 2018 HEP Vaud, Lausanne Depuis 1988, les colloques de didactique de l&rsquo;informatique, puis le colloque Didapro \u2013 DidaSTIC explorent les th\u00e8mes autour de l\u2019enseignement et l\u2019apprentissage de l\u2019informatique. La prochaine \u00e9dition aura &hellip; <\/p>\n<p class=\"link-more\"><a href=\"https:\/\/www.didapro.org\/7\/\" class=\"more-link\">Continuer la lecture<span class=\"screen-reader-text\"> de &laquo;&nbsp;Accueil&nbsp;&raquo;<\/span><\/a><\/p>\n","protected":false},"author":1,"featured_media":0,"parent":0,"menu_order":0,"comment_status":"closed","ping_status":"closed","template":"","meta":{"jetpack_post_was_ever_published":false,"footnotes":""},"class_list":["post-353","page","type-page","status-publish","hentry"],"jetpack_sharing_enabled":true,"jetpack_shortlink":"https:\/\/wp.me\/P8APBU-5H","jetpack-related-posts":[{"id":810,"url":"https:\/\/www.didapro.org\/7\/videos\/","url_meta":{"origin":353,"position":0},"title":"Vid\u00e9os","author":"7","date":"19 f\u00e9vrier 2018","format":false,"excerpt":"Mercredi 7 f\u00e9vrier 2018 Conf\u00e9rence invit\u00e9e \u00abPens\u00e9e computationnelle \u202f: pour un n\u00e9opapertisme durable car sceptique\u00bb Pierre Dillenbourg \u2013 \u00c9cole Polytechnique F\u00e9d\u00e9rale de Lausanne, Suisse \u00a0 Table ronde sur le th\u00e8me \u00ab Ressources pour l'enseignement de l'informatique: quelle alliance entre recherche, entreprise, pratique et d\u00e9cision?\u00bb Anim\u00e9e par Georges-Louis Baron \u2013 Universit\u00e9\u2026","rel":"","context":"Article similaire","block_context":{"text":"Article similaire","link":""},"img":{"alt_text":"","src":"https:\/\/i0.wp.com\/www.didapro.org\/7\/wp-content\/uploads\/sites\/2\/2018\/02\/header-bolo.jpg?fit=1200%2C720&ssl=1&resize=350%2C200","width":350,"height":200,"srcset":"https:\/\/i0.wp.com\/www.didapro.org\/7\/wp-content\/uploads\/sites\/2\/2018\/02\/header-bolo.jpg?fit=1200%2C720&ssl=1&resize=350%2C200 1x, https:\/\/i0.wp.com\/www.didapro.org\/7\/wp-content\/uploads\/sites\/2\/2018\/02\/header-bolo.jpg?fit=1200%2C720&ssl=1&resize=525%2C300 1.5x, https:\/\/i0.wp.com\/www.didapro.org\/7\/wp-content\/uploads\/sites\/2\/2018\/02\/header-bolo.jpg?fit=1200%2C720&ssl=1&resize=700%2C400 2x, https:\/\/i0.wp.com\/www.didapro.org\/7\/wp-content\/uploads\/sites\/2\/2018\/02\/header-bolo.jpg?fit=1200%2C720&ssl=1&resize=1050%2C600 3x"},"classes":[]},{"id":489,"url":"https:\/\/www.didapro.org\/7\/objectifs-et-themes\/","url_meta":{"origin":353,"position":1},"title":"Objectifs et th\u00e8mes","author":"7","date":"18 avril 2017","format":false,"excerpt":"Chacun\u00b7e s\u2019accorde aujourd\u2019hui sur la place pr\u00e9\u00e9minente qu\u2019occupent l\u2019informatique et les r\u00e9alisations qui en d\u00e9coulent dans nos soci\u00e9t\u00e9s. Pratiquement tous les domaines de l\u2019activit\u00e9 humaine ont \u00e9t\u00e9 profond\u00e9ment impact\u00e9s, transform\u00e9s, remodel\u00e9s par cette science et ses d\u00e9veloppements. Pour autant, l\u2019informatique en tant que discipline d\u2019enseignement reste jeune. Sa place dans\u2026","rel":"","context":"Article similaire","block_context":{"text":"Article similaire","link":""},"img":{"alt_text":"","src":"","width":0,"height":0},"classes":[]},{"id":604,"url":"https:\/\/www.didapro.org\/7\/programme\/","url_meta":{"origin":353,"position":2},"title":"Programme","author":"jppellet","date":"27 octobre 2017","format":false,"excerpt":"Mercredi 7 f\u00e9vrier 2018 8h30 - 9h00Accueil9h00 - 9h30Salle B21-308Ouverture du colloque9h30 - 10h30Salle B21-308Conf\u00e9rence invit\u00e9ePens\u00e9e computationnelle: pour un n\u00e9opapertisme durable car sceptiquePierre Dillenbourg \u2013 Dans les actes: pp. 17 -19Lien vers la vid\u00e9o: https:\/\/vimeo.com\/25481175710h30 - 11h00PauseSalle B21-308Session de pr\u00e9sentationsVers l\u2019acquisition de savoirs informatiquesPr\u00e9sidence: Yannis Delmas-Rigoutsos11h00 - 11h30Concours Castor, ressource\u2026","rel":"","context":"Article similaire","block_context":{"text":"Article similaire","link":""},"img":{"alt_text":"","src":"https:\/\/i0.wp.com\/www.didapro.org\/7\/wp-content\/uploads\/sites\/2\/2017\/10\/program_3.jpg?fit=1200%2C720&ssl=1&resize=350%2C200","width":350,"height":200,"srcset":"https:\/\/i0.wp.com\/www.didapro.org\/7\/wp-content\/uploads\/sites\/2\/2017\/10\/program_3.jpg?fit=1200%2C720&ssl=1&resize=350%2C200 1x, https:\/\/i0.wp.com\/www.didapro.org\/7\/wp-content\/uploads\/sites\/2\/2017\/10\/program_3.jpg?fit=1200%2C720&ssl=1&resize=525%2C300 1.5x, https:\/\/i0.wp.com\/www.didapro.org\/7\/wp-content\/uploads\/sites\/2\/2017\/10\/program_3.jpg?fit=1200%2C720&ssl=1&resize=700%2C400 2x, https:\/\/i0.wp.com\/www.didapro.org\/7\/wp-content\/uploads\/sites\/2\/2017\/10\/program_3.jpg?fit=1200%2C720&ssl=1&resize=1050%2C600 3x"},"classes":[]},{"id":733,"url":"https:\/\/www.didapro.org\/7\/partenaires\/","url_meta":{"origin":353,"position":3},"title":"Partenaires","author":"7","date":"15 janvier 2018","format":false,"excerpt":"Didapro 7 \u2013 DidaSTIC remercie les partenaires qui ont offert leur soutien \u00e0 la mise sur pied du colloque : Association Universitaire Francophone (AUF) Centre de Comp\u00e9tences romand de Didactique Disciplinaire (2Cr2D) Fondation Hasler Fonds national suisse de la recherche scientifique (FNS) Google Haute \u00e9cole p\u00e9dagogique Vaud M\u00e9moire Vive (Apple\u2026","rel":"","context":"Article similaire","block_context":{"text":"Article similaire","link":""},"img":{"alt_text":"","src":"https:\/\/i0.wp.com\/www.didapro.org\/7\/wp-content\/uploads\/sites\/2\/2017\/04\/header-conference.jpg?fit=1200%2C720&ssl=1&resize=350%2C200","width":350,"height":200,"srcset":"https:\/\/i0.wp.com\/www.didapro.org\/7\/wp-content\/uploads\/sites\/2\/2017\/04\/header-conference.jpg?fit=1200%2C720&ssl=1&resize=350%2C200 1x, https:\/\/i0.wp.com\/www.didapro.org\/7\/wp-content\/uploads\/sites\/2\/2017\/04\/header-conference.jpg?fit=1200%2C720&ssl=1&resize=525%2C300 1.5x, https:\/\/i0.wp.com\/www.didapro.org\/7\/wp-content\/uploads\/sites\/2\/2017\/04\/header-conference.jpg?fit=1200%2C720&ssl=1&resize=700%2C400 2x, https:\/\/i0.wp.com\/www.didapro.org\/7\/wp-content\/uploads\/sites\/2\/2017\/04\/header-conference.jpg?fit=1200%2C720&ssl=1&resize=1050%2C600 3x"},"classes":[]},{"id":657,"url":"https:\/\/www.didapro.org\/7\/inscription\/","url_meta":{"origin":353,"position":4},"title":"Inscription","author":"jppellet","date":"29 novembre 2017","format":false,"excerpt":"Inscription Prix des inscriptions \u00a0 Journ\u00e9e des enseignant\u00b7e\u00b7s* uniquement Colloque complet sans repas de gala Colloque complet avec repas de gala Chercheur\u00b7e\u00b7s \u2014 200 CHF 265 CHF \u00c9tudiant\u00b7e\u00b7s et doctorat\u00b7e\u00b7s \u2014 100 CHF 165 CHF Enseignant\u00b7e\u00b7s du DFJC du canton de Vaud 40 CHF 120 CHF 185 CHF Autres enseignant\u00b7e\u00b7s\u2026","rel":"","context":"Article similaire","block_context":{"text":"Article similaire","link":""},"img":{"alt_text":"","src":"","width":0,"height":0},"classes":[]},{"id":552,"url":"https:\/\/www.didapro.org\/7\/lieu-et-hebergement\/","url_meta":{"origin":353,"position":5},"title":"Lieu et h\u00e9bergement","author":"7","date":"24 ao\u00fbt 2017","format":false,"excerpt":"Lieu Le colloque se d\u00e9roule dans les locaux de la HEP Vaud \u00e0 Lausanne, plus particuli\u00e8rement dans son b\u00e2timent de l'Avenue des Bains 21. H\u00e9bergement Voici quelques offres qui ont \u00e9t\u00e9 n\u00e9goci\u00e9es avec des h\u00f4tels de la ville pour les participants de la conf\u00e9rence (annoncer le code Didapro) : Nom\u2026","rel":"","context":"Article similaire","block_context":{"text":"Article similaire","link":""},"img":{"alt_text":"","src":"https:\/\/i0.wp.com\/www.didapro.org\/7\/wp-content\/uploads\/sites\/2\/2017\/08\/hep-campus.jpg?fit=1200%2C720&ssl=1&resize=350%2C200","width":350,"height":200,"srcset":"https:\/\/i0.wp.com\/www.didapro.org\/7\/wp-content\/uploads\/sites\/2\/2017\/08\/hep-campus.jpg?fit=1200%2C720&ssl=1&resize=350%2C200 1x, https:\/\/i0.wp.com\/www.didapro.org\/7\/wp-content\/uploads\/sites\/2\/2017\/08\/hep-campus.jpg?fit=1200%2C720&ssl=1&resize=525%2C300 1.5x, https:\/\/i0.wp.com\/www.didapro.org\/7\/wp-content\/uploads\/sites\/2\/2017\/08\/hep-campus.jpg?fit=1200%2C720&ssl=1&resize=700%2C400 2x, https:\/\/i0.wp.com\/www.didapro.org\/7\/wp-content\/uploads\/sites\/2\/2017\/08\/hep-campus.jpg?fit=1200%2C720&ssl=1&resize=1050%2C600 3x"},"classes":[]}],"jetpack_likes_enabled":true,"_links":{"self":[{"href":"https:\/\/www.didapro.org\/7\/wp-json\/wp\/v2\/pages\/353","targetHints":{"allow":["GET"]}}],"collection":[{"href":"https:\/\/www.didapro.org\/7\/wp-json\/wp\/v2\/pages"}],"about":[{"href":"https:\/\/www.didapro.org\/7\/wp-json\/wp\/v2\/types\/page"}],"author":[{"embeddable":true,"href":"https:\/\/www.didapro.org\/7\/wp-json\/wp\/v2\/users\/1"}],"replies":[{"embeddable":true,"href":"https:\/\/www.didapro.org\/7\/wp-json\/wp\/v2\/comments?post=353"}],"version-history":[{"count":23,"href":"https:\/\/www.didapro.org\/7\/wp-json\/wp\/v2\/pages\/353\/revisions"}],"predecessor-version":[{"id":661,"href":"https:\/\/www.didapro.org\/7\/wp-json\/wp\/v2\/pages\/353\/revisions\/661"}],"wp:attachment":[{"href":"https:\/\/www.didapro.org\/7\/wp-json\/wp\/v2\/media?parent=353"}],"curies":[{"name":"wp","href":"https:\/\/api.w.org\/{rel}","templated":true}]}}